{"id":222,"date":"2020-03-30T01:53:24","date_gmt":"2020-03-29T23:53:24","guid":{"rendered":"https:\/\/feherconsulting.com\/kapcsolat\/"},"modified":"2020-03-30T02:18:57","modified_gmt":"2020-03-30T00:18:57","slug":"kapcsolat","status":"publish","type":"page","link":"https:\/\/feherconsulting.com\/hu\/kapcsolat\/","title":{"rendered":"Kapcsolat"},"content":{"rendered":"\t\t<div data-elementor-type=\"wp-page\" data-elementor-id=\"222\" class=\"elementor elementor-222 elementor-131\">\n\t\t\t\t\t\t<section class=\"elementor-section elementor-top-section elementor-element elementor-element-77e2379d elementor-section-stretched elementor-section-full_width elementor-section-height-default elementor-section-height-default\" data-id=\"77e2379d\" data-element_type=\"section\" data-settings=\"{&quot;stretch_section&quot;:&quot;section-stretched&quot;,&quot;background_background&quot;:&quot;classic&quot;}\">\n\t\t\t\t\t\t\t<div class=\"elementor-background-overlay\"><\/div>\n\t\t\t\t\t\t\t<div class=\"elementor-container elementor-column-gap-no\">\n\t\t\t\t\t<div class=\"elementor-column elementor-col-100 elementor-top-column elementor-element elementor-element-4738f66e\" data-id=\"4738f66e\" data-element_type=\"column\">\n\t\t\t<div class=\"elementor-widget-wrap elementor-element-populated\">\n\t\t\t\t\t\t<div class=\"elementor-element elementor-element-11e46086 elementor-widget elementor-widget-heading\" data-id=\"11e46086\" data-element_type=\"widget\" data-widget_type=\"heading.default\">\n\t\t\t\t<div class=\"elementor-widget-container\">\n\t\t\t\t\t<h1 class=\"elementor-heading-title elementor-size-default\">Kapcsolat<\/h1>\t\t\t\t<\/div>\n\t\t\t\t<\/div>\n\t\t\t\t\t<\/div>\n\t\t<\/div>\n\t\t\t\t\t<\/div>\n\t\t<\/section>\n\t\t\t\t<section class=\"elementor-section elementor-top-section elementor-element elementor-element-f923e88 elementor-section-boxed elementor-section-height-default elementor-section-height-default\" data-id=\"f923e88\" data-element_type=\"section\">\n\t\t\t\t\t\t<div class=\"elementor-container elementor-column-gap-default\">\n\t\t\t\t\t<div class=\"elementor-column elementor-col-33 elementor-top-column elementor-element elementor-element-be01d81\" data-id=\"be01d81\" data-element_type=\"column\">\n\t\t\t<div class=\"elementor-widget-wrap elementor-element-populated\">\n\t\t\t\t\t\t<div class=\"elementor-element elementor-element-20507fa6 elementor-widget elementor-widget-heading\" data-id=\"20507fa6\" data-element_type=\"widget\" data-widget_type=\"heading.default\">\n\t\t\t\t<div class=\"elementor-widget-container\">\n\t\t\t\t\t<h3 class=\"elementor-heading-title elementor-size-default\">K\u00fcldje el k\u00e9rd\u00e9s\u00e9t az al\u00e1bbi \u0171rlapot kit\u00f6ltve<\/h3>\t\t\t\t<\/div>\n\t\t\t\t<\/div>\n\t\t\t\t<div class=\"elementor-element elementor-element-5e1c4a7a elementor-widget elementor-widget-text-editor\" data-id=\"5e1c4a7a\" data-element_type=\"widget\" data-widget_type=\"text-editor.default\">\n\t\t\t\t<div class=\"elementor-widget-container\">\n\t\t\t\t\t\t\t\t\t<p>vagy \u00edrjon nek\u00fcnk k\u00f6zvetlen\u00fcl az <a href=\"mailto:info@feherconsulting.com\">info@feherconsulting.com<\/a> e-mail c\u00edmre, \u00f6r\u00f6mmel \u00e1llunk rendelkez\u00e9s\u00e9re.<\/p>\n\t\t\t\t\t\t\t\t<\/div>\n\t\t\t\t<\/div>\n\t\t\t\t<div class=\"elementor-element elementor-element-bfa74ab elementor-position-left elementor-view-default elementor-mobile-position-top elementor-vertical-align-top elementor-widget elementor-widget-icon-box\" data-id=\"bfa74ab\" data-element_type=\"widget\" data-widget_type=\"icon-box.default\">\n\t\t\t\t<div class=\"elementor-widget-container\">\n\t\t\t\t\t\t\t<div class=\"elementor-icon-box-wrapper\">\n\n\t\t\t\t\t\t<div class=\"elementor-icon-box-icon\">\n\t\t\t\t<a href=\"tel:0034664229822\" class=\"elementor-icon\" tabindex=\"-1\" aria-label=\"(+34) 664 229 822\">\n\t\t\t\t<i aria-hidden=\"true\" class=\"fas fa-phone-alt\"><\/i>\t\t\t\t<\/a>\n\t\t\t<\/div>\n\t\t\t\n\t\t\t\t\t\t<div class=\"elementor-icon-box-content\">\n\n\t\t\t\t\t\t\t\t\t<h4 class=\"elementor-icon-box-title\">\n\t\t\t\t\t\t<a href=\"tel:0034664229822\" >\n\t\t\t\t\t\t\t(+34) 664 229 822\t\t\t\t\t\t<\/a>\n\t\t\t\t\t<\/h4>\n\t\t\t\t\n\t\t\t\t\n\t\t\t<\/div>\n\t\t\t\n\t\t<\/div>\n\t\t\t\t\t\t<\/div>\n\t\t\t\t<\/div>\n\t\t\t\t\t<\/div>\n\t\t<\/div>\n\t\t\t\t<div class=\"elementor-column elementor-col-66 elementor-top-column elementor-element elementor-element-ba96b1f\" data-id=\"ba96b1f\" data-element_type=\"column\">\n\t\t\t<div class=\"elementor-widget-wrap elementor-element-populated\">\n\t\t\t\t\t\t<div class=\"elementor-element elementor-element-3c995dd elementor-widget elementor-widget-shortcode\" data-id=\"3c995dd\" data-element_type=\"widget\" data-widget_type=\"shortcode.default\">\n\t\t\t\t<div class=\"elementor-widget-container\">\n\t\t\t\t\t\t\t<div class=\"elementor-shortcode\">\n<div class=\"wpcf7 no-js\" id=\"wpcf7-f269-o1\" lang=\"hu-HU\" dir=\"ltr\">\n<div class=\"screen-reader-response\"><p role=\"status\" aria-live=\"polite\" aria-atomic=\"true\"><\/p> <ul><\/ul><\/div>\n<form action=\"\/hu\/wp-json\/wp\/v2\/pages\/222#wpcf7-f269-o1\" method=\"post\" class=\"wpcf7-form init\" aria-label=\"Kapcsolatfelv\u00e9teli \u0171rlap\" novalidate=\"novalidate\" data-status=\"init\">\n<div style=\"display: none;\">\n<input type=\"hidden\" name=\"_wpcf7\" value=\"269\" \/>\n<input type=\"hidden\" name=\"_wpcf7_version\" value=\"5.9.8\" \/>\n<input type=\"hidden\" name=\"_wpcf7_locale\" value=\"hu_HU\" \/>\n<input type=\"hidden\" name=\"_wpcf7_unit_tag\" value=\"wpcf7-f269-o1\" \/>\n<input type=\"hidden\" name=\"_wpcf7_container_post\" value=\"0\" \/>\n<input type=\"hidden\" name=\"_wpcf7_posted_data_hash\" value=\"\" \/>\n<\/div>\n<p><span class=\"wpcf7-form-control-wrap\" data-name=\"your-name\"><input size=\"40\" maxlength=\"400\" class=\"wpcf7-form-control wpcf7-text wpcf7-validates-as-required\" aria-required=\"true\" aria-invalid=\"false\" placeholder=\"Az \u00d6n neve\" value=\"\" type=\"text\" name=\"your-name\" \/><\/span>\n<\/p>\n<p><span class=\"wpcf7-form-control-wrap\" data-name=\"your-email\"><input size=\"40\" maxlength=\"400\" class=\"wpcf7-form-control wpcf7-email wpcf7-validates-as-required wpcf7-text wpcf7-validates-as-email\" aria-required=\"true\" aria-invalid=\"false\" placeholder=\"E-mail c\u00edme\" value=\"\" type=\"email\" name=\"your-email\" \/><\/span>\n<\/p>\n<p><span class=\"wpcf7-form-control-wrap\" data-name=\"your-message\"><textarea cols=\"40\" rows=\"10\" maxlength=\"2000\" class=\"wpcf7-form-control wpcf7-textarea\" aria-invalid=\"false\" placeholder=\"\u00dczenet\" name=\"your-message\"><\/textarea><\/span>\n<\/p>\n<p><input class=\"wpcf7-form-control wpcf7-submit has-spinner\" type=\"submit\" value=\"K\u00fcld\u00e9s\" \/>\n<\/p><div class=\"wpcf7-response-output\" aria-hidden=\"true\"><\/div>\n<\/form>\n<\/div>\n<\/div>\n\t\t\t\t\t\t<\/div>\n\t\t\t\t<\/div>\n\t\t\t\t\t<\/div>\n\t\t<\/div>\n\t\t\t\t\t<\/div>\n\t\t<\/section>\n\t\t\t\t<\/div>\n\t\t","protected":false},"excerpt":{"rendered":"<p>Kapcsolat K\u00fcldje el k\u00e9rd\u00e9s\u00e9t az al\u00e1bbi \u0171rlapot kit\u00f6ltve vagy \u00edrjon nek\u00fcnk k\u00f6zvetlen\u00fcl az info@feherconsulting.com e-mail c\u00edmre, \u00f6r\u00f6mmel \u00e1llunk rendelkez\u00e9s\u00e9re. (+34) 664 229 822<\/p>\n","protected":false},"author":1,"featured_media":0,"parent":0,"menu_order":0,"comment_status":"closed","ping_status":"closed","template":"","meta":{"site-sidebar-layout":"default","site-content-layout":"default","ast-site-content-layout":"default","site-content-style":"default","site-sidebar-style":"default","ast-global-header-display":"","ast-banner-title-visibility":"","ast-main-header-display":"","ast-hfb-above-header-display":"","ast-hfb-below-header-display":"","ast-hfb-mobile-header-display":"","site-post-title":"disabled","ast-breadcrumbs-content":"disabled","ast-featured-img":"disabled","footer-sml-layout":"","ast-disable-related-posts":"","theme-transparent-header-meta":"default","adv-header-id-meta":"","stick-header-meta":"","header-above-stick-meta":"","header-main-stick-meta":"","header-below-stick-meta":"","astra-migrate-meta-layouts":"default","ast-page-background-enabled":"default","ast-page-background-meta":{"desktop":{"background-color":"","background-image":"","background-repeat":"repeat","background-position":"center center","background-size":"auto","background-attachment":"scroll","background-type":"","background-media":"","overlay-type":"","overlay-color":"","overlay-opacity":"","overlay-gradient":""},"tablet":{"background-color":"","background-image":"","background-repeat":"repeat","background-position":"center center","background-size":"auto","background-attachment":"scroll","background-type":"","background-media":"","overlay-type":"","overlay-color":"","overlay-opacity":"","overlay-gradient":""},"mobile":{"background-color":"","background-image":"","background-repeat":"repeat","background-position":"center center","background-size":"auto","background-attachment":"scroll","background-type":"","background-media":"","overlay-type":"","overlay-color":"","overlay-opacity":"","overlay-gradient":""}},"ast-content-background-meta":{"desktop":{"background-color":"var(--ast-global-color-5)","background-image":"","background-repeat":"repeat","background-position":"center center","background-size":"auto","background-attachment":"scroll","background-type":"","background-media":"","overlay-type":"","overlay-color":"","overlay-opacity":"","overlay-gradient":""},"tablet":{"background-color":"var(--ast-global-color-5)","background-image":"","background-repeat":"repeat","background-position":"center center","background-size":"auto","background-attachment":"scroll","background-type":"","background-media":"","overlay-type":"","overlay-color":"","overlay-opacity":"","overlay-gradient":""},"mobile":{"background-color":"var(--ast-global-color-5)","background-image":"","background-repeat":"repeat","background-position":"center center","background-size":"auto","background-attachment":"scroll","background-type":"","background-media":"","overlay-type":"","overlay-color":"","overlay-opacity":"","overlay-gradient":""}},"footnotes":""},"yoast_head":"<!-- This site is optimized with the Yoast SEO plugin v23.5 - https:\/\/yoast.com\/wordpress\/plugins\/seo\/ -->\n<title>Kapcsolat - Feh\u00e9r Constulting<\/title>\n<meta name=\"robots\" content=\"index, follow, max-snippet:-1, max-image-preview:large, max-video-preview:-1\" \/>\n<link rel=\"canonical\" href=\"https:\/\/feherconsulting.com\/hu\/kapcsolat\/\" \/>\n<meta property=\"og:locale\" content=\"hu_HU\" \/>\n<meta property=\"og:type\" content=\"article\" \/>\n<meta property=\"og:title\" content=\"Kapcsolat - Feh\u00e9r Constulting\" \/>\n<meta property=\"og:description\" content=\"Kapcsolat K\u00fcldje el k\u00e9rd\u00e9s\u00e9t az al\u00e1bbi \u0171rlapot kit\u00f6ltve vagy \u00edrjon nek\u00fcnk k\u00f6zvetlen\u00fcl az info@feherconsulting.com e-mail c\u00edmre, \u00f6r\u00f6mmel \u00e1llunk rendelkez\u00e9s\u00e9re. (+34) 664 229 822\" \/>\n<meta property=\"og:url\" content=\"https:\/\/feherconsulting.com\/hu\/kapcsolat\/\" \/>\n<meta property=\"og:site_name\" content=\"Feh\u00e9r Constulting\" \/>\n<meta property=\"article:modified_time\" content=\"2020-03-30T00:18:57+00:00\" \/>\n<meta property=\"og:image\" content=\"https:\/\/feherconsulting.com\/wp-content\/uploads\/2020\/03\/Facebook-share.jpg\" \/>\n\t<meta property=\"og:image:width\" content=\"1200\" \/>\n\t<meta property=\"og:image:height\" content=\"630\" \/>\n\t<meta property=\"og:image:type\" content=\"image\/jpeg\" \/>\n<meta name=\"twitter:card\" content=\"summary_large_image\" \/>\n<script type=\"application\/ld+json\" class=\"yoast-schema-graph\">{\"@context\":\"https:\/\/schema.org\",\"@graph\":[{\"@type\":\"WebPage\",\"@id\":\"https:\/\/feherconsulting.com\/hu\/kapcsolat\/\",\"url\":\"https:\/\/feherconsulting.com\/hu\/kapcsolat\/\",\"name\":\"Kapcsolat - Feh\u00e9r Constulting\",\"isPartOf\":{\"@id\":\"https:\/\/feherconsulting.com\/hu\/#website\"},\"datePublished\":\"2020-03-29T23:53:24+00:00\",\"dateModified\":\"2020-03-30T00:18:57+00:00\",\"breadcrumb\":{\"@id\":\"https:\/\/feherconsulting.com\/hu\/kapcsolat\/#breadcrumb\"},\"inLanguage\":\"hu\",\"potentialAction\":[{\"@type\":\"ReadAction\",\"target\":[\"https:\/\/feherconsulting.com\/hu\/kapcsolat\/\"]}]},{\"@type\":\"BreadcrumbList\",\"@id\":\"https:\/\/feherconsulting.com\/hu\/kapcsolat\/#breadcrumb\",\"itemListElement\":[{\"@type\":\"ListItem\",\"position\":1,\"name\":\"Home\",\"item\":\"https:\/\/feherconsulting.com\/hu\/kezdolap\/\"},{\"@type\":\"ListItem\",\"position\":2,\"name\":\"Kapcsolat\"}]},{\"@type\":\"WebSite\",\"@id\":\"https:\/\/feherconsulting.com\/hu\/#website\",\"url\":\"https:\/\/feherconsulting.com\/hu\/\",\"name\":\"Feh\u00e9r Constulting\",\"description\":\"Costa del Sol\",\"publisher\":{\"@id\":\"https:\/\/feherconsulting.com\/hu\/#organization\"},\"potentialAction\":[{\"@type\":\"SearchAction\",\"target\":{\"@type\":\"EntryPoint\",\"urlTemplate\":\"https:\/\/feherconsulting.com\/hu\/?s={search_term_string}\"},\"query-input\":{\"@type\":\"PropertyValueSpecification\",\"valueRequired\":true,\"valueName\":\"search_term_string\"}}],\"inLanguage\":\"hu\"},{\"@type\":\"Organization\",\"@id\":\"https:\/\/feherconsulting.com\/hu\/#organization\",\"name\":\"Feher Consulting\",\"url\":\"https:\/\/feherconsulting.com\/hu\/\",\"logo\":{\"@type\":\"ImageObject\",\"inLanguage\":\"hu\",\"@id\":\"https:\/\/feherconsulting.com\/hu\/#\/schema\/logo\/image\/\",\"url\":\"https:\/\/feherconsulting.com\/wp-content\/uploads\/2020\/02\/Feh\u00e9r-Consulting-logo.png\",\"contentUrl\":\"https:\/\/feherconsulting.com\/wp-content\/uploads\/2020\/02\/Feh\u00e9r-Consulting-logo.png\",\"width\":347,\"height\":95,\"caption\":\"Feher Consulting\"},\"image\":{\"@id\":\"https:\/\/feherconsulting.com\/hu\/#\/schema\/logo\/image\/\"}}]}<\/script>\n<!-- \/ Yoast SEO plugin. -->","yoast_head_json":{"title":"Kapcsolat - Feh\u00e9r Constulting","robots":{"index":"index","follow":"follow","max-snippet":"max-snippet:-1","max-image-preview":"max-image-preview:large","max-video-preview":"max-video-preview:-1"},"canonical":"https:\/\/feherconsulting.com\/hu\/kapcsolat\/","og_locale":"hu_HU","og_type":"article","og_title":"Kapcsolat - Feh\u00e9r Constulting","og_description":"Kapcsolat K\u00fcldje el k\u00e9rd\u00e9s\u00e9t az al\u00e1bbi \u0171rlapot kit\u00f6ltve vagy \u00edrjon nek\u00fcnk k\u00f6zvetlen\u00fcl az info@feherconsulting.com e-mail c\u00edmre, \u00f6r\u00f6mmel \u00e1llunk rendelkez\u00e9s\u00e9re. (+34) 664 229 822","og_url":"https:\/\/feherconsulting.com\/hu\/kapcsolat\/","og_site_name":"Feh\u00e9r Constulting","article_modified_time":"2020-03-30T00:18:57+00:00","og_image":[{"width":1200,"height":630,"url":"https:\/\/feherconsulting.com\/wp-content\/uploads\/2020\/03\/Facebook-share.jpg","type":"image\/jpeg"}],"twitter_card":"summary_large_image","schema":{"@context":"https:\/\/schema.org","@graph":[{"@type":"WebPage","@id":"https:\/\/feherconsulting.com\/hu\/kapcsolat\/","url":"https:\/\/feherconsulting.com\/hu\/kapcsolat\/","name":"Kapcsolat - Feh\u00e9r Constulting","isPartOf":{"@id":"https:\/\/feherconsulting.com\/hu\/#website"},"datePublished":"2020-03-29T23:53:24+00:00","dateModified":"2020-03-30T00:18:57+00:00","breadcrumb":{"@id":"https:\/\/feherconsulting.com\/hu\/kapcsolat\/#breadcrumb"},"inLanguage":"hu","potentialAction":[{"@type":"ReadAction","target":["https:\/\/feherconsulting.com\/hu\/kapcsolat\/"]}]},{"@type":"BreadcrumbList","@id":"https:\/\/feherconsulting.com\/hu\/kapcsolat\/#breadcrumb","itemListElement":[{"@type":"ListItem","position":1,"name":"Home","item":"https:\/\/feherconsulting.com\/hu\/kezdolap\/"},{"@type":"ListItem","position":2,"name":"Kapcsolat"}]},{"@type":"WebSite","@id":"https:\/\/feherconsulting.com\/hu\/#website","url":"https:\/\/feherconsulting.com\/hu\/","name":"Feh\u00e9r Constulting","description":"Costa del Sol","publisher":{"@id":"https:\/\/feherconsulting.com\/hu\/#organization"},"potentialAction":[{"@type":"SearchAction","target":{"@type":"EntryPoint","urlTemplate":"https:\/\/feherconsulting.com\/hu\/?s={search_term_string}"},"query-input":{"@type":"PropertyValueSpecification","valueRequired":true,"valueName":"search_term_string"}}],"inLanguage":"hu"},{"@type":"Organization","@id":"https:\/\/feherconsulting.com\/hu\/#organization","name":"Feher Consulting","url":"https:\/\/feherconsulting.com\/hu\/","logo":{"@type":"ImageObject","inLanguage":"hu","@id":"https:\/\/feherconsulting.com\/hu\/#\/schema\/logo\/image\/","url":"https:\/\/feherconsulting.com\/wp-content\/uploads\/2020\/02\/Feh\u00e9r-Consulting-logo.png","contentUrl":"https:\/\/feherconsulting.com\/wp-content\/uploads\/2020\/02\/Feh\u00e9r-Consulting-logo.png","width":347,"height":95,"caption":"Feher Consulting"},"image":{"@id":"https:\/\/feherconsulting.com\/hu\/#\/schema\/logo\/image\/"}}]}},"_links":{"self":[{"href":"https:\/\/feherconsulting.com\/hu\/wp-json\/wp\/v2\/pages\/222"}],"collection":[{"href":"https:\/\/feherconsulting.com\/hu\/wp-json\/wp\/v2\/pages"}],"about":[{"href":"https:\/\/feherconsulting.com\/hu\/wp-json\/wp\/v2\/types\/page"}],"author":[{"embeddable":true,"href":"https:\/\/feherconsulting.com\/hu\/wp-json\/wp\/v2\/users\/1"}],"replies":[{"embeddable":true,"href":"https:\/\/feherconsulting.com\/hu\/wp-json\/wp\/v2\/comments?post=222"}],"version-history":[{"count":2,"href":"https:\/\/feherconsulting.com\/hu\/wp-json\/wp\/v2\/pages\/222\/revisions"}],"predecessor-version":[{"id":227,"href":"https:\/\/feherconsulting.com\/hu\/wp-json\/wp\/v2\/pages\/222\/revisions\/227"}],"wp:attachment":[{"href":"https:\/\/feherconsulting.com\/hu\/wp-json\/wp\/v2\/media?parent=222"}],"curies":[{"name":"wp","href":"https:\/\/api.w.org\/{rel}","templated":true}]}}