{"id":220,"date":"2020-03-30T01:51:43","date_gmt":"2020-03-29T23:51:43","guid":{"rendered":"https:\/\/feherconsulting.com\/cegunkrol\/"},"modified":"2020-03-30T02:18:32","modified_gmt":"2020-03-30T00:18:32","slug":"cegunkrol","status":"publish","type":"page","link":"https:\/\/feherconsulting.com\/hu\/cegunkrol\/","title":{"rendered":"C\u00e9g\u00fcnkr\u0151l"},"content":{"rendered":"\t\t<div data-elementor-type=\"wp-page\" data-elementor-id=\"220\" class=\"elementor elementor-220 elementor-118\">\n\t\t\t\t\t\t<section class=\"elementor-section elementor-top-section elementor-element elementor-element-663c7919 elementor-section-stretched elementor-section-full_width elementor-section-height-default elementor-section-height-default\" data-id=\"663c7919\" data-element_type=\"section\" data-settings=\"{&quot;stretch_section&quot;:&quot;section-stretched&quot;,&quot;background_background&quot;:&quot;classic&quot;}\">\n\t\t\t\t\t\t\t<div class=\"elementor-background-overlay\"><\/div>\n\t\t\t\t\t\t\t<div class=\"elementor-container elementor-column-gap-no\">\n\t\t\t\t\t<div class=\"elementor-column elementor-col-100 elementor-top-column elementor-element elementor-element-67029130\" data-id=\"67029130\" data-element_type=\"column\">\n\t\t\t<div class=\"elementor-widget-wrap elementor-element-populated\">\n\t\t\t\t\t\t<div class=\"elementor-element elementor-element-16e63e8b elementor-widget elementor-widget-heading\" data-id=\"16e63e8b\" data-element_type=\"widget\" data-widget_type=\"heading.default\">\n\t\t\t\t<div class=\"elementor-widget-container\">\n\t\t\t\t\t<h1 class=\"elementor-heading-title elementor-size-default\">C\u00e9g\u00fcnkr\u0151l<\/h1>\t\t\t\t<\/div>\n\t\t\t\t<\/div>\n\t\t\t\t\t<\/div>\n\t\t<\/div>\n\t\t\t\t\t<\/div>\n\t\t<\/section>\n\t\t\t\t<section class=\"elementor-section elementor-top-section elementor-element elementor-element-29e0ce3 elementor-section-full_width elementor-section-content-top elementor-section-height-default elementor-section-height-default\" data-id=\"29e0ce3\" data-element_type=\"section\">\n\t\t\t\t\t\t<div class=\"elementor-container elementor-column-gap-no\">\n\t\t\t\t\t<div class=\"elementor-column elementor-col-33 elementor-top-column elementor-element elementor-element-75db46e6\" data-id=\"75db46e6\" data-element_type=\"column\">\n\t\t\t<div class=\"elementor-widget-wrap elementor-element-populated\">\n\t\t\t\t\t\t<div class=\"elementor-element elementor-element-2401b3f elementor-widget elementor-widget-heading\" data-id=\"2401b3f\" data-element_type=\"widget\" data-widget_type=\"heading.default\">\n\t\t\t\t<div class=\"elementor-widget-container\">\n\t\t\t\t\t<h3 class=\"elementor-heading-title elementor-size-default\">A Feh\u00e9r Consulting c\u00e9gcsoport D\u00e9l-Spanyolorsz\u00e1gban, Andal\u00fazi\u00e1ban alakult, nemzetk\u00f6zi tapasztalatait a turizmus, az ingatlank\u00f6zvet\u00edt\u00e9s \u00e9s a k\u00e9pz\u00e9s-tan\u00e1csad\u00e1s ter\u00fclet\u00e9n \u00e1ll\u00edtja megrendel\u0151i, \u00fcgyfelei szolg\u00e1lat\u00e1ba.<\/h3>\t\t\t\t<\/div>\n\t\t\t\t<\/div>\n\t\t\t\t<div class=\"elementor-element elementor-element-7358bf56 elementor-widget-divider--view-line elementor-widget elementor-widget-divider\" data-id=\"7358bf56\" data-element_type=\"widget\" data-widget_type=\"divider.default\">\n\t\t\t\t<div class=\"elementor-widget-container\">\n\t\t\t\t\t\t\t<div class=\"elementor-divider\">\n\t\t\t<span class=\"elementor-divider-separator\">\n\t\t\t\t\t\t<\/span>\n\t\t<\/div>\n\t\t\t\t\t\t<\/div>\n\t\t\t\t<\/div>\n\t\t\t\t\t<\/div>\n\t\t<\/div>\n\t\t\t\t<div class=\"elementor-column elementor-col-33 elementor-top-column elementor-element elementor-element-3d0997\" data-id=\"3d0997\" data-element_type=\"column\">\n\t\t\t<div class=\"elementor-widget-wrap elementor-element-populated\">\n\t\t\t\t\t\t<div class=\"elementor-element elementor-element-2f7b7e8f elementor-widget elementor-widget-text-editor\" data-id=\"2f7b7e8f\" data-element_type=\"widget\" data-widget_type=\"text-editor.default\">\n\t\t\t\t<div class=\"elementor-widget-container\">\n\t\t\t\t\t\t\t\t\t<p>Legsz\u00ednesebb \u00e9s legsokr\u00e9t\u0171bb szolg\u00e1ltat\u00e1sainkat a turizmus ter\u00fclet\u00e9n ny\u00fajtjuk, mindig szem el\u0151tt tartva az utazni v\u00e1gy\u00f3k egy\u00e9ni ig\u00e9nyeit. Alkalmazkodunk elk\u00e9pzel\u00e9seihez, \u00e9s azokat magas sz\u00ednvonalon val\u00f3s\u00edtjuk meg, amihez sok\u00e9ves tapasztalatunk \u00e9s sz\u0171nni nem akar\u00f3 lelkesed\u00e9s\u00fcnk jelentik az \u00d6n sz\u00e1m\u00e1ra a garanci\u00e1t. Nemzetk\u00f6zi l\u00e1t\u00e1sm\u00f3dunk az alapk\u00f6ve dinamikus \u00e9s rugalmas munk\u00e1nknak, melynek c\u00e9lja mindig az \u00d6n maxim\u00e1lis el\u00e9gedetts\u00e9ge.<\/p>\n<p>R\u00e9szletesebb inform\u00e1ci\u00f3t a &#8222;Szolg\u00e1ltat\u00e1saink&#8221; c\u00edmsz\u00f3 alatt tal\u00e1l.<\/p>\n<p>Sz\u00edvb\u0151l rem\u00e9lj\u00fck, hogy hamarosan szem\u00e9lyesen v\u00e1laszolhatjuk meg k\u00e9rd\u00e9seit.<\/p>\n<p>Feh\u00e9r Gabriella<br \/>\nIgazgat\u00f3<\/p>\n\t\t\t\t\t\t\t\t<\/div>\n\t\t\t\t<\/div>\n\t\t\t\t\t<\/div>\n\t\t<\/div>\n\t\t\t\t<div class=\"elementor-column elementor-col-33 elementor-top-column elementor-element elementor-element-305debfe\" data-id=\"305debfe\" data-element_type=\"column\">\n\t\t\t<div class=\"elementor-widget-wrap elementor-element-populated\">\n\t\t\t\t\t\t<div class=\"elementor-element elementor-element-5da88d03 elementor-widget elementor-widget-image\" data-id=\"5da88d03\" data-element_type=\"widget\" data-widget_type=\"image.default\">\n\t\t\t\t<div class=\"elementor-widget-container\">\n\t\t\t\t\t\t\t\t\t\t\t\t\t\t\t<img decoding=\"async\" width=\"64\" height=\"96\" src=\"https:\/\/feherconsulting.com\/wp-content\/uploads\/2020\/02\/Gabriela.jpg\" class=\"attachment-full size-full wp-image-190\" alt=\"\" \/>\t\t\t\t\t\t\t\t\t\t\t\t\t\t\t<\/div>\n\t\t\t\t<\/div>\n\t\t\t\t\t<\/div>\n\t\t<\/div>\n\t\t\t\t\t<\/div>\n\t\t<\/section>\n\t\t\t\t<section class=\"elementor-section elementor-top-section elementor-element elementor-element-8aa87fb elementor-section-boxed elementor-section-height-default elementor-section-height-default\" data-id=\"8aa87fb\" data-element_type=\"section\">\n\t\t\t\t\t\t<div class=\"elementor-container elementor-column-gap-default\">\n\t\t\t\t\t<div class=\"elementor-column elementor-col-25 elementor-top-column elementor-element elementor-element-029a730\" data-id=\"029a730\" data-element_type=\"column\">\n\t\t\t<div class=\"elementor-widget-wrap\">\n\t\t\t\t\t\t\t<\/div>\n\t\t<\/div>\n\t\t\t\t<div class=\"elementor-column elementor-col-25 elementor-top-column elementor-element elementor-element-ca8bc08\" data-id=\"ca8bc08\" data-element_type=\"column\">\n\t\t\t<div class=\"elementor-widget-wrap elementor-element-populated\">\n\t\t\t\t\t\t<div class=\"elementor-element elementor-element-51c42818 elementor-widget elementor-widget-heading\" data-id=\"51c42818\" data-element_type=\"widget\" data-widget_type=\"heading.default\">\n\t\t\t\t<div class=\"elementor-widget-container\">\n\t\t\t\t\t<h3 class=\"elementor-heading-title elementor-size-default\">K\u00e9rd\u00e9se van, vagy szeretne b\u0151vebb inform\u00e1ci\u00f3t szolg\u00e1ltat\u00e1sainkr\u00f3l?<\/h3>\t\t\t\t<\/div>\n\t\t\t\t<\/div>\n\t\t\t\t<div class=\"elementor-element elementor-element-23da16a5 elementor-widget elementor-widget-text-editor\" data-id=\"23da16a5\" data-element_type=\"widget\" data-widget_type=\"text-editor.default\">\n\t\t\t\t<div class=\"elementor-widget-container\">\n\t\t\t\t\t\t\t\t\t<p>L\u00e9pjen kapcsolatba vel\u00fcnk!<\/p>\n\t\t\t\t\t\t\t\t<\/div>\n\t\t\t\t<\/div>\n\t\t\t\t\t<\/div>\n\t\t<\/div>\n\t\t\t\t<div class=\"elementor-column elementor-col-25 elementor-top-column elementor-element elementor-element-c48d6c1\" data-id=\"c48d6c1\" data-element_type=\"column\">\n\t\t\t<div class=\"elementor-widget-wrap elementor-element-populated\">\n\t\t\t\t\t\t<div class=\"elementor-element elementor-element-21ad7292 elementor-align-right elementor-mobile-align-left elementor-widget elementor-widget-button\" data-id=\"21ad7292\" data-element_type=\"widget\" data-widget_type=\"button.default\">\n\t\t\t\t<div class=\"elementor-widget-container\">\n\t\t\t\t\t\t\t\t\t<div class=\"elementor-button-wrapper\">\n\t\t\t\t\t<a class=\"elementor-button elementor-button-link elementor-size-sm elementor-animation-grow\" href=\"\/?page_id=131\">\n\t\t\t\t\t\t<span class=\"elementor-button-content-wrapper\">\n\t\t\t\t\t\t\t\t\t<span class=\"elementor-button-text\">Kapcsolat<\/span>\n\t\t\t\t\t<\/span>\n\t\t\t\t\t<\/a>\n\t\t\t\t<\/div>\n\t\t\t\t\t\t\t\t<\/div>\n\t\t\t\t<\/div>\n\t\t\t\t\t<\/div>\n\t\t<\/div>\n\t\t\t\t<div class=\"elementor-column elementor-col-25 elementor-top-column elementor-element elementor-element-1c4b1e2\" data-id=\"1c4b1e2\" data-element_type=\"column\">\n\t\t\t<div class=\"elementor-widget-wrap\">\n\t\t\t\t\t\t\t<\/div>\n\t\t<\/div>\n\t\t\t\t\t<\/div>\n\t\t<\/section>\n\t\t\t\t<\/div>\n\t\t","protected":false},"excerpt":{"rendered":"<p>C\u00e9g\u00fcnkr\u0151l A Feh\u00e9r Consulting c\u00e9gcsoport D\u00e9l-Spanyolorsz\u00e1gban, Andal\u00fazi\u00e1ban alakult, nemzetk\u00f6zi tapasztalatait a turizmus, az ingatlank\u00f6zvet\u00edt\u00e9s \u00e9s a k\u00e9pz\u00e9s-tan\u00e1csad\u00e1s ter\u00fclet\u00e9n \u00e1ll\u00edtja megrendel\u0151i, \u00fcgyfelei szolg\u00e1lat\u00e1ba. Legsz\u00ednesebb \u00e9s legsokr\u00e9t\u0171bb szolg\u00e1ltat\u00e1sainkat a turizmus ter\u00fclet\u00e9n ny\u00fajtjuk, mindig szem el\u0151tt tartva az utazni v\u00e1gy\u00f3k egy\u00e9ni ig\u00e9nyeit. Alkalmazkodunk elk\u00e9pzel\u00e9seihez, \u00e9s azokat magas sz\u00ednvonalon val\u00f3s\u00edtjuk meg, amihez sok\u00e9ves tapasztalatunk \u00e9s sz\u0171nni nem akar\u00f3 lelkesed\u00e9s\u00fcnk [&hellip;]<\/p>\n","protected":false},"author":1,"featured_media":0,"parent":0,"menu_order":0,"comment_status":"closed","ping_status":"closed","template":"","meta":{"site-sidebar-layout":"default","site-content-layout":"default","ast-site-content-layout":"default","site-content-style":"default","site-sidebar-style":"default","ast-global-header-display":"","ast-banner-title-visibility":"","ast-main-header-display":"","ast-hfb-above-header-display":"","ast-hfb-below-header-display":"","ast-hfb-mobile-header-display":"","site-post-title":"disabled","ast-breadcrumbs-content":"disabled","ast-featured-img":"disabled","footer-sml-layout":"","ast-disable-related-posts":"","theme-transparent-header-meta":"default","adv-header-id-meta":"","stick-header-meta":"","header-above-stick-meta":"","header-main-stick-meta":"","header-below-stick-meta":"","astra-migrate-meta-layouts":"default","ast-page-background-enabled":"default","ast-page-background-meta":{"desktop":{"background-color":"","background-image":"","background-repeat":"repeat","background-position":"center center","background-size":"auto","background-attachment":"scroll","background-type":"","background-media":"","overlay-type":"","overlay-color":"","overlay-opacity":"","overlay-gradient":""},"tablet":{"background-color":"","background-image":"","background-repeat":"repeat","background-position":"center center","background-size":"auto","background-attachment":"scroll","background-type":"","background-media":"","overlay-type":"","overlay-color":"","overlay-opacity":"","overlay-gradient":""},"mobile":{"background-color":"","background-image":"","background-repeat":"repeat","background-position":"center center","background-size":"auto","background-attachment":"scroll","background-type":"","background-media":"","overlay-type":"","overlay-color":"","overlay-opacity":"","overlay-gradient":""}},"ast-content-background-meta":{"desktop":{"background-color":"var(--ast-global-color-5)","background-image":"","background-repeat":"repeat","background-position":"center center","background-size":"auto","background-attachment":"scroll","background-type":"","background-media":"","overlay-type":"","overlay-color":"","overlay-opacity":"","overlay-gradient":""},"tablet":{"background-color":"var(--ast-global-color-5)","background-image":"","background-repeat":"repeat","background-position":"center center","background-size":"auto","background-attachment":"scroll","background-type":"","background-media":"","overlay-type":"","overlay-color":"","overlay-opacity":"","overlay-gradient":""},"mobile":{"background-color":"var(--ast-global-color-5)","background-image":"","background-repeat":"repeat","background-position":"center center","background-size":"auto","background-attachment":"scroll","background-type":"","background-media":"","overlay-type":"","overlay-color":"","overlay-opacity":"","overlay-gradient":""}},"footnotes":""},"yoast_head":"<!-- This site is optimized with the Yoast SEO plugin v23.5 - https:\/\/yoast.com\/wordpress\/plugins\/seo\/ -->\n<title>C\u00e9g\u00fcnkr\u0151l - Feh\u00e9r Constulting<\/title>\n<meta name=\"robots\" content=\"index, follow, max-snippet:-1, max-image-preview:large, max-video-preview:-1\" \/>\n<link rel=\"canonical\" href=\"https:\/\/feherconsulting.com\/hu\/cegunkrol\/\" \/>\n<meta property=\"og:locale\" content=\"hu_HU\" \/>\n<meta property=\"og:type\" content=\"article\" \/>\n<meta property=\"og:title\" content=\"C\u00e9g\u00fcnkr\u0151l - Feh\u00e9r Constulting\" \/>\n<meta property=\"og:description\" content=\"C\u00e9g\u00fcnkr\u0151l A Feh\u00e9r Consulting c\u00e9gcsoport D\u00e9l-Spanyolorsz\u00e1gban, Andal\u00fazi\u00e1ban alakult, nemzetk\u00f6zi tapasztalatait a turizmus, az ingatlank\u00f6zvet\u00edt\u00e9s \u00e9s a k\u00e9pz\u00e9s-tan\u00e1csad\u00e1s ter\u00fclet\u00e9n \u00e1ll\u00edtja megrendel\u0151i, \u00fcgyfelei szolg\u00e1lat\u00e1ba. Legsz\u00ednesebb \u00e9s legsokr\u00e9t\u0171bb szolg\u00e1ltat\u00e1sainkat a turizmus ter\u00fclet\u00e9n ny\u00fajtjuk, mindig szem el\u0151tt tartva az utazni v\u00e1gy\u00f3k egy\u00e9ni ig\u00e9nyeit. Alkalmazkodunk elk\u00e9pzel\u00e9seihez, \u00e9s azokat magas sz\u00ednvonalon val\u00f3s\u00edtjuk meg, amihez sok\u00e9ves tapasztalatunk \u00e9s sz\u0171nni nem akar\u00f3 lelkesed\u00e9s\u00fcnk [&hellip;]\" \/>\n<meta property=\"og:url\" content=\"https:\/\/feherconsulting.com\/hu\/cegunkrol\/\" \/>\n<meta property=\"og:site_name\" content=\"Feh\u00e9r Constulting\" \/>\n<meta property=\"article:modified_time\" content=\"2020-03-30T00:18:32+00:00\" \/>\n<meta property=\"og:image\" content=\"https:\/\/feherconsulting.com\/wp-content\/uploads\/2020\/02\/Gabriela.jpg\" \/>\n<meta name=\"twitter:card\" content=\"summary_large_image\" \/>\n<meta name=\"twitter:label1\" content=\"Becs\u00fclt olvas\u00e1si id\u0151\" \/>\n\t<meta name=\"twitter:data1\" content=\"1 perc\" \/>\n<script type=\"application\/ld+json\" class=\"yoast-schema-graph\">{\"@context\":\"https:\/\/schema.org\",\"@graph\":[{\"@type\":\"WebPage\",\"@id\":\"https:\/\/feherconsulting.com\/hu\/cegunkrol\/\",\"url\":\"https:\/\/feherconsulting.com\/hu\/cegunkrol\/\",\"name\":\"C\u00e9g\u00fcnkr\u0151l - Feh\u00e9r Constulting\",\"isPartOf\":{\"@id\":\"https:\/\/feherconsulting.com\/hu\/#website\"},\"primaryImageOfPage\":{\"@id\":\"https:\/\/feherconsulting.com\/hu\/cegunkrol\/#primaryimage\"},\"image\":{\"@id\":\"https:\/\/feherconsulting.com\/hu\/cegunkrol\/#primaryimage\"},\"thumbnailUrl\":\"https:\/\/feherconsulting.com\/wp-content\/uploads\/2020\/02\/Gabriela.jpg\",\"datePublished\":\"2020-03-29T23:51:43+00:00\",\"dateModified\":\"2020-03-30T00:18:32+00:00\",\"breadcrumb\":{\"@id\":\"https:\/\/feherconsulting.com\/hu\/cegunkrol\/#breadcrumb\"},\"inLanguage\":\"hu\",\"potentialAction\":[{\"@type\":\"ReadAction\",\"target\":[\"https:\/\/feherconsulting.com\/hu\/cegunkrol\/\"]}]},{\"@type\":\"ImageObject\",\"inLanguage\":\"hu\",\"@id\":\"https:\/\/feherconsulting.com\/hu\/cegunkrol\/#primaryimage\",\"url\":\"https:\/\/feherconsulting.com\/wp-content\/uploads\/2020\/02\/Gabriela.jpg\",\"contentUrl\":\"https:\/\/feherconsulting.com\/wp-content\/uploads\/2020\/02\/Gabriela.jpg\"},{\"@type\":\"BreadcrumbList\",\"@id\":\"https:\/\/feherconsulting.com\/hu\/cegunkrol\/#breadcrumb\",\"itemListElement\":[{\"@type\":\"ListItem\",\"position\":1,\"name\":\"Home\",\"item\":\"https:\/\/feherconsulting.com\/hu\/kezdolap\/\"},{\"@type\":\"ListItem\",\"position\":2,\"name\":\"C\u00e9g\u00fcnkr\u0151l\"}]},{\"@type\":\"WebSite\",\"@id\":\"https:\/\/feherconsulting.com\/hu\/#website\",\"url\":\"https:\/\/feherconsulting.com\/hu\/\",\"name\":\"Feh\u00e9r Constulting\",\"description\":\"Costa del Sol\",\"publisher\":{\"@id\":\"https:\/\/feherconsulting.com\/hu\/#organization\"},\"potentialAction\":[{\"@type\":\"SearchAction\",\"target\":{\"@type\":\"EntryPoint\",\"urlTemplate\":\"https:\/\/feherconsulting.com\/hu\/?s={search_term_string}\"},\"query-input\":{\"@type\":\"PropertyValueSpecification\",\"valueRequired\":true,\"valueName\":\"search_term_string\"}}],\"inLanguage\":\"hu\"},{\"@type\":\"Organization\",\"@id\":\"https:\/\/feherconsulting.com\/hu\/#organization\",\"name\":\"Feher Consulting\",\"url\":\"https:\/\/feherconsulting.com\/hu\/\",\"logo\":{\"@type\":\"ImageObject\",\"inLanguage\":\"hu\",\"@id\":\"https:\/\/feherconsulting.com\/hu\/#\/schema\/logo\/image\/\",\"url\":\"https:\/\/feherconsulting.com\/wp-content\/uploads\/2020\/02\/Feh\u00e9r-Consulting-logo.png\",\"contentUrl\":\"https:\/\/feherconsulting.com\/wp-content\/uploads\/2020\/02\/Feh\u00e9r-Consulting-logo.png\",\"width\":347,\"height\":95,\"caption\":\"Feher Consulting\"},\"image\":{\"@id\":\"https:\/\/feherconsulting.com\/hu\/#\/schema\/logo\/image\/\"}}]}<\/script>\n<!-- \/ Yoast SEO plugin. -->","yoast_head_json":{"title":"C\u00e9g\u00fcnkr\u0151l - Feh\u00e9r Constulting","robots":{"index":"index","follow":"follow","max-snippet":"max-snippet:-1","max-image-preview":"max-image-preview:large","max-video-preview":"max-video-preview:-1"},"canonical":"https:\/\/feherconsulting.com\/hu\/cegunkrol\/","og_locale":"hu_HU","og_type":"article","og_title":"C\u00e9g\u00fcnkr\u0151l - Feh\u00e9r Constulting","og_description":"C\u00e9g\u00fcnkr\u0151l A Feh\u00e9r Consulting c\u00e9gcsoport D\u00e9l-Spanyolorsz\u00e1gban, Andal\u00fazi\u00e1ban alakult, nemzetk\u00f6zi tapasztalatait a turizmus, az ingatlank\u00f6zvet\u00edt\u00e9s \u00e9s a k\u00e9pz\u00e9s-tan\u00e1csad\u00e1s ter\u00fclet\u00e9n \u00e1ll\u00edtja megrendel\u0151i, \u00fcgyfelei szolg\u00e1lat\u00e1ba. Legsz\u00ednesebb \u00e9s legsokr\u00e9t\u0171bb szolg\u00e1ltat\u00e1sainkat a turizmus ter\u00fclet\u00e9n ny\u00fajtjuk, mindig szem el\u0151tt tartva az utazni v\u00e1gy\u00f3k egy\u00e9ni ig\u00e9nyeit. Alkalmazkodunk elk\u00e9pzel\u00e9seihez, \u00e9s azokat magas sz\u00ednvonalon val\u00f3s\u00edtjuk meg, amihez sok\u00e9ves tapasztalatunk \u00e9s sz\u0171nni nem akar\u00f3 lelkesed\u00e9s\u00fcnk [&hellip;]","og_url":"https:\/\/feherconsulting.com\/hu\/cegunkrol\/","og_site_name":"Feh\u00e9r Constulting","article_modified_time":"2020-03-30T00:18:32+00:00","og_image":[{"url":"https:\/\/feherconsulting.com\/wp-content\/uploads\/2020\/02\/Gabriela.jpg"}],"twitter_card":"summary_large_image","twitter_misc":{"Becs\u00fclt olvas\u00e1si id\u0151":"1 perc"},"schema":{"@context":"https:\/\/schema.org","@graph":[{"@type":"WebPage","@id":"https:\/\/feherconsulting.com\/hu\/cegunkrol\/","url":"https:\/\/feherconsulting.com\/hu\/cegunkrol\/","name":"C\u00e9g\u00fcnkr\u0151l - Feh\u00e9r Constulting","isPartOf":{"@id":"https:\/\/feherconsulting.com\/hu\/#website"},"primaryImageOfPage":{"@id":"https:\/\/feherconsulting.com\/hu\/cegunkrol\/#primaryimage"},"image":{"@id":"https:\/\/feherconsulting.com\/hu\/cegunkrol\/#primaryimage"},"thumbnailUrl":"https:\/\/feherconsulting.com\/wp-content\/uploads\/2020\/02\/Gabriela.jpg","datePublished":"2020-03-29T23:51:43+00:00","dateModified":"2020-03-30T00:18:32+00:00","breadcrumb":{"@id":"https:\/\/feherconsulting.com\/hu\/cegunkrol\/#breadcrumb"},"inLanguage":"hu","potentialAction":[{"@type":"ReadAction","target":["https:\/\/feherconsulting.com\/hu\/cegunkrol\/"]}]},{"@type":"ImageObject","inLanguage":"hu","@id":"https:\/\/feherconsulting.com\/hu\/cegunkrol\/#primaryimage","url":"https:\/\/feherconsulting.com\/wp-content\/uploads\/2020\/02\/Gabriela.jpg","contentUrl":"https:\/\/feherconsulting.com\/wp-content\/uploads\/2020\/02\/Gabriela.jpg"},{"@type":"BreadcrumbList","@id":"https:\/\/feherconsulting.com\/hu\/cegunkrol\/#breadcrumb","itemListElement":[{"@type":"ListItem","position":1,"name":"Home","item":"https:\/\/feherconsulting.com\/hu\/kezdolap\/"},{"@type":"ListItem","position":2,"name":"C\u00e9g\u00fcnkr\u0151l"}]},{"@type":"WebSite","@id":"https:\/\/feherconsulting.com\/hu\/#website","url":"https:\/\/feherconsulting.com\/hu\/","name":"Feh\u00e9r Constulting","description":"Costa del Sol","publisher":{"@id":"https:\/\/feherconsulting.com\/hu\/#organization"},"potentialAction":[{"@type":"SearchAction","target":{"@type":"EntryPoint","urlTemplate":"https:\/\/feherconsulting.com\/hu\/?s={search_term_string}"},"query-input":{"@type":"PropertyValueSpecification","valueRequired":true,"valueName":"search_term_string"}}],"inLanguage":"hu"},{"@type":"Organization","@id":"https:\/\/feherconsulting.com\/hu\/#organization","name":"Feher Consulting","url":"https:\/\/feherconsulting.com\/hu\/","logo":{"@type":"ImageObject","inLanguage":"hu","@id":"https:\/\/feherconsulting.com\/hu\/#\/schema\/logo\/image\/","url":"https:\/\/feherconsulting.com\/wp-content\/uploads\/2020\/02\/Feh\u00e9r-Consulting-logo.png","contentUrl":"https:\/\/feherconsulting.com\/wp-content\/uploads\/2020\/02\/Feh\u00e9r-Consulting-logo.png","width":347,"height":95,"caption":"Feher Consulting"},"image":{"@id":"https:\/\/feherconsulting.com\/hu\/#\/schema\/logo\/image\/"}}]}},"_links":{"self":[{"href":"https:\/\/feherconsulting.com\/hu\/wp-json\/wp\/v2\/pages\/220"}],"collection":[{"href":"https:\/\/feherconsulting.com\/hu\/wp-json\/wp\/v2\/pages"}],"about":[{"href":"https:\/\/feherconsulting.com\/hu\/wp-json\/wp\/v2\/types\/page"}],"author":[{"embeddable":true,"href":"https:\/\/feherconsulting.com\/hu\/wp-json\/wp\/v2\/users\/1"}],"replies":[{"embeddable":true,"href":"https:\/\/feherconsulting.com\/hu\/wp-json\/wp\/v2\/comments?post=220"}],"version-history":[{"count":2,"href":"https:\/\/feherconsulting.com\/hu\/wp-json\/wp\/v2\/pages\/220\/revisions"}],"predecessor-version":[{"id":226,"href":"https:\/\/feherconsulting.com\/hu\/wp-json\/wp\/v2\/pages\/220\/revisions\/226"}],"wp:attachment":[{"href":"https:\/\/feherconsulting.com\/hu\/wp-json\/wp\/v2\/media?parent=220"}],"curies":[{"name":"wp","href":"https:\/\/api.w.org\/{rel}","templated":true}]}}