{"id":235,"date":"2020-03-30T02:30:41","date_gmt":"2020-03-30T00:30:41","guid":{"rendered":"https:\/\/feherconsulting.com\/inicio\/"},"modified":"2020-03-30T03:16:08","modified_gmt":"2020-03-30T01:16:08","slug":"inicio","status":"publish","type":"page","link":"https:\/\/feherconsulting.com\/es\/","title":{"rendered":"Inicio"},"content":{"rendered":"\t\t<div data-elementor-type=\"wp-page\" data-elementor-id=\"235\" class=\"elementor elementor-235 elementor-35\">\n\t\t\t\t\t\t<section class=\"elementor-section elementor-top-section elementor-element elementor-element-513f8a9 elementor-section-stretched elementor-section-full_width elementor-section-height-default elementor-section-height-default\" data-id=\"513f8a9\" data-element_type=\"section\" data-settings=\"{&quot;stretch_section&quot;:&quot;section-stretched&quot;}\">\n\t\t\t\t\t\t<div class=\"elementor-container elementor-column-gap-no\">\n\t\t\t\t\t<div class=\"elementor-column elementor-col-100 elementor-top-column elementor-element elementor-element-cd60273\" data-id=\"cd60273\" data-element_type=\"column\">\n\t\t\t<div class=\"elementor-widget-wrap elementor-element-populated\">\n\t\t\t\t\t\t\t<\/div>\n\t\t<\/div>\n\t\t\t\t\t<\/div>\n\t\t<\/section>\n\t\t\t\t<section class=\"elementor-section elementor-top-section elementor-element elementor-element-6ef4f2a elementor-section-full_width elementor-section-content-bottom elementor-section-height-default elementor-section-height-default\" data-id=\"6ef4f2a\" data-element_type=\"section\">\n\t\t\t\t\t\t<div class=\"elementor-container elementor-column-gap-no\">\n\t\t\t\t\t<div class=\"elementor-column elementor-col-100 elementor-top-column elementor-element elementor-element-991df6e\" data-id=\"991df6e\" data-element_type=\"column\">\n\t\t\t<div class=\"elementor-widget-wrap elementor-element-populated\">\n\t\t\t\t\t\t<div class=\"elementor-element elementor-element-84cef00 elementor-widget elementor-widget-heading\" data-id=\"84cef00\" data-element_type=\"widget\" data-widget_type=\"heading.default\">\n\t\t\t\t<div class=\"elementor-widget-container\">\n\t\t\t\t\t<h2 class=\"elementor-heading-title elementor-size-default\">\u00a1Bienvenido a White Consulting!<\/h2>\t\t\t\t<\/div>\n\t\t\t\t<\/div>\n\t\t\t\t<section class=\"elementor-section elementor-inner-section elementor-element elementor-element-bc9f532 elementor-section-boxed elementor-section-height-default elementor-section-height-default\" data-id=\"bc9f532\" data-element_type=\"section\">\n\t\t\t\t\t\t<div class=\"elementor-container elementor-column-gap-default\">\n\t\t\t\t\t<div class=\"elementor-column elementor-col-50 elementor-inner-column elementor-element elementor-element-eda3d8d\" data-id=\"eda3d8d\" data-element_type=\"column\">\n\t\t\t<div class=\"elementor-widget-wrap elementor-element-populated\">\n\t\t\t\t\t\t<div class=\"elementor-element elementor-element-1768dad elementor-widget elementor-widget-image\" data-id=\"1768dad\" data-element_type=\"widget\" data-widget_type=\"image.default\">\n\t\t\t\t<div class=\"elementor-widget-container\">\n\t\t\t\t\t\t\t\t\t\t\t\t\t\t\t<img fetchpriority=\"high\" decoding=\"async\" width=\"500\" height=\"458\" src=\"https:\/\/feherconsulting.com\/wp-content\/uploads\/2020\/02\/Feh\u00e9r-Consulting-vertical-logo.jpg\" class=\"attachment-full size-full wp-image-197\" alt=\"\" srcset=\"https:\/\/feherconsulting.com\/wp-content\/uploads\/2020\/02\/Feh\u00e9r-Consulting-vertical-logo.jpg 500w, https:\/\/feherconsulting.com\/wp-content\/uploads\/2020\/02\/Feh\u00e9r-Consulting-vertical-logo-300x275.jpg 300w\" sizes=\"(max-width: 500px) 100vw, 500px\" \/>\t\t\t\t\t\t\t\t\t\t\t\t\t\t\t<\/div>\n\t\t\t\t<\/div>\n\t\t\t\t\t<\/div>\n\t\t<\/div>\n\t\t\t\t<div class=\"elementor-column elementor-col-50 elementor-inner-column elementor-element elementor-element-1813bc9\" data-id=\"1813bc9\" data-element_type=\"column\">\n\t\t\t<div class=\"elementor-widget-wrap elementor-element-populated\">\n\t\t\t\t\t\t<div class=\"elementor-element elementor-element-976960c elementor-widget elementor-widget-text-editor\" data-id=\"976960c\" data-element_type=\"widget\" data-widget_type=\"text-editor.default\">\n\t\t\t\t<div class=\"elementor-widget-container\">\n\t\t\t\t\t\t\t\t\t<p>Feher Consulting es un grupo internacional altamente especializado en consultor\u00eda y capacitaci\u00f3n, servicios inmobiliarios y turismo receptivo.<\/p>\n<p>El objetivo de nuestra empresa es dar vida a los proyectos y planes de vacaciones de nuestros clientes. Nos adaptamos a sus necesidades, brind\u00e1ndole un servicio profesional de la m\u00e1s alta calidad.<\/p>\n<p>Para m\u00e1s detalles no dudes en contactarnos! Estaremos encantados de ayudarlo en cualquier pregunta.<\/p>\n\t\t\t\t\t\t\t\t<\/div>\n\t\t\t\t<\/div>\n\t\t\t\t\t<\/div>\n\t\t<\/div>\n\t\t\t\t\t<\/div>\n\t\t<\/section>\n\t\t\t\t\t<\/div>\n\t\t<\/div>\n\t\t\t\t\t<\/div>\n\t\t<\/section>\n\t\t\t\t<section class=\"elementor-section elementor-top-section elementor-element elementor-element-21a85823 elementor-section-stretched elementor-section-full_width elementor-section-height-default elementor-section-height-default\" data-id=\"21a85823\" data-element_type=\"section\" data-settings=\"{&quot;stretch_section&quot;:&quot;section-stretched&quot;,&quot;background_background&quot;:&quot;classic&quot;}\">\n\t\t\t\t\t\t<div class=\"elementor-container elementor-column-gap-no\">\n\t\t\t\t\t<div class=\"elementor-column elementor-col-100 elementor-top-column elementor-element elementor-element-13d809f9\" data-id=\"13d809f9\" data-element_type=\"column\">\n\t\t\t<div class=\"elementor-widget-wrap elementor-element-populated\">\n\t\t\t\t\t\t<section class=\"elementor-section elementor-inner-section elementor-element elementor-element-07bf9ed elementor-section-boxed elementor-section-height-default elementor-section-height-default\" data-id=\"07bf9ed\" data-element_type=\"section\">\n\t\t\t\t\t\t<div class=\"elementor-container elementor-column-gap-default\">\n\t\t\t\t\t<div class=\"elementor-column elementor-col-100 elementor-inner-column elementor-element elementor-element-95ac8e4\" data-id=\"95ac8e4\" data-element_type=\"column\">\n\t\t\t<div class=\"elementor-widget-wrap elementor-element-populated\">\n\t\t\t\t\t\t<div class=\"elementor-element elementor-element-1f6615cb elementor-widget elementor-widget-heading\" data-id=\"1f6615cb\" data-element_type=\"widget\" data-widget_type=\"heading.default\">\n\t\t\t\t<div class=\"elementor-widget-container\">\n\t\t\t\t\t<h2 class=\"elementor-heading-title elementor-size-default\">Feher Consulting est\u00e1 trabajando en tres \u00e1reas principales para convertir en realidad las ideas de sus clientes:<\/h2>\t\t\t\t<\/div>\n\t\t\t\t<\/div>\n\t\t\t\t<div class=\"elementor-element elementor-element-5e94bbc1 elementor-widget elementor-widget-text-editor\" data-id=\"5e94bbc1\" data-element_type=\"widget\" data-widget_type=\"text-editor.default\">\n\t\t\t\t<div class=\"elementor-widget-container\">\n\t\t\t\t\t\t\t\t\t<p>\u2022 Consultor\u00eda-formaci\u00f3n<br \/>\n\u2022 Feher Excellent Travel ofrece viajes tur\u00edsticos especializados en Andaluc\u00eda para extranjeros y en Budapest, Hungr\u00eda para sus clientes espa\u00f1oles y a los de sus otros mercados emisores.<br \/>\n\u2022 Servicios inmobiliarios en Andaluc\u00eda y en Budapest para detectar oportunidades de inversi\u00f3n<\/p>\n\t\t\t\t\t\t\t\t<\/div>\n\t\t\t\t<\/div>\n\t\t\t\t\t<\/div>\n\t\t<\/div>\n\t\t\t\t\t<\/div>\n\t\t<\/section>\n\t\t\t\t<section class=\"elementor-section elementor-inner-section elementor-element elementor-element-c2702bc elementor-section-boxed elementor-section-height-default elementor-section-height-default\" data-id=\"c2702bc\" data-element_type=\"section\">\n\t\t\t\t\t\t<div class=\"elementor-container elementor-column-gap-default\">\n\t\t\t\t\t<div class=\"elementor-column elementor-col-33 elementor-inner-column elementor-element elementor-element-ae0cf45\" data-id=\"ae0cf45\" data-element_type=\"column\">\n\t\t\t<div class=\"elementor-widget-wrap elementor-element-populated\">\n\t\t\t\t\t\t<div class=\"elementor-element elementor-element-33bb2c14 elementor-widget elementor-widget-tp-info-box\" data-id=\"33bb2c14\" data-element_type=\"widget\" data-widget_type=\"tp-info-box.default\">\n\t\t\t\t<div class=\"elementor-widget-container\">\n\t\t\t\t\t<div id=\"info_box69e736704024c\" class=\"pt_plus_info_box  info_box69e736704024c info-box-style_3     \"  data-id=\"info_box69e736704024c\" ><div class=\"post-inner-loop \"><div class=\"info-box-inner content_hover_effect \"><div class=\"info-box-bg-box  \"><div class=\" info-box-content \"><div class=\"service-center\"><div class=\"info-icon-content\"><\/div><a href=\"https:\/\/feherconsulting.com\/services\/#consulting\" ><div class=\"service-title \"> Consultor\u00eda y Formaci\u00f3n <\/div><\/a><div class=\"service-desc\"> <p>\u2022 Marketing Online y Offline<br \/>\n\u2022 Desarrollo y Expansi\u00f3n Nacional e Internacional de Franquicias<br \/>\n\u2022 Recursos Humanos y Gesti\u00f3n de Personas<\/p>\n <\/div><div class=\"pt-plus-button-wrapper\"><div class=\"button_parallax\"><div id=\"btn69e73670401b8\" class=\"ts-button\"><div class=\"pt_plus_button btn69e73670401b8 button-style-8 \"><div class=\"animted-content-inner\"><a href=\"https:\/\/feherconsulting.com\/services\/#consulting\" class=\"button-link-wrap \" role=\"button\">Leer m\u00e1s<\/a><\/div><\/div><\/div><\/div><\/div><\/div><\/div><div class=\"infobox-overlay-color\"><\/div><\/div><\/div><\/div><\/div>\t\t\t\t<\/div>\n\t\t\t\t<\/div>\n\t\t\t\t\t<\/div>\n\t\t<\/div>\n\t\t\t\t<div class=\"elementor-column elementor-col-33 elementor-inner-column elementor-element elementor-element-c4e5d86\" data-id=\"c4e5d86\" data-element_type=\"column\">\n\t\t\t<div class=\"elementor-widget-wrap elementor-element-populated\">\n\t\t\t\t\t\t<div class=\"elementor-element elementor-element-2273f1d elementor-widget elementor-widget-tp-info-box\" data-id=\"2273f1d\" data-element_type=\"widget\" data-widget_type=\"tp-info-box.default\">\n\t\t\t\t<div class=\"elementor-widget-container\">\n\t\t\t\t\t<div id=\"info_box69e736704109b\" class=\"pt_plus_info_box  info_box69e736704109b info-box-style_3     \"  data-id=\"info_box69e736704109b\" ><div class=\"post-inner-loop \"><div class=\"info-box-inner content_hover_effect \"><div class=\"info-box-bg-box  \"><div class=\" info-box-content \"><div class=\"service-center\"><div class=\"info-icon-content\"><\/div><a href=\"https:\/\/feherconsulting.com\/services\/#realestate\" ><div class=\"service-title \"> Servicios Inmobiliarios <\/div><\/a><div class=\"service-desc\"> <p>\u2022 Alquiler y compra de locales y viviendas<br \/>\n\u2022 Asesoramiento jur\u00eddico completo en el proceso de compra o alquiler<br \/>\n\u2022 Mantenimiento de apartamentos vacacionales<\/p>\n <\/div><div class=\"pt-plus-button-wrapper\"><div class=\"button_parallax\"><div id=\"btn69e736704101f\" class=\"ts-button\"><div class=\"pt_plus_button btn69e736704101f button-style-8 \"><div class=\"animted-content-inner\"><a href=\"https:\/\/feherconsulting.com\/services\/#realestate\" class=\"button-link-wrap \" role=\"button\">Leer m\u00e1s<\/a><\/div><\/div><\/div><\/div><\/div><\/div><\/div><div class=\"infobox-overlay-color\"><\/div><\/div><\/div><\/div><\/div>\t\t\t\t<\/div>\n\t\t\t\t<\/div>\n\t\t\t\t\t<\/div>\n\t\t<\/div>\n\t\t\t\t<div class=\"elementor-column elementor-col-33 elementor-inner-column elementor-element elementor-element-cfdeb31\" data-id=\"cfdeb31\" data-element_type=\"column\">\n\t\t\t<div class=\"elementor-widget-wrap elementor-element-populated\">\n\t\t\t\t\t\t<div class=\"elementor-element elementor-element-18c2cf1 elementor-widget elementor-widget-tp-info-box\" data-id=\"18c2cf1\" data-element_type=\"widget\" data-widget_type=\"tp-info-box.default\">\n\t\t\t\t<div class=\"elementor-widget-container\">\n\t\t\t\t\t<div id=\"info_box69e7367041f12\" class=\"pt_plus_info_box  info_box69e7367041f12 info-box-style_3     \"  data-id=\"info_box69e7367041f12\" ><div class=\"post-inner-loop \"><div class=\"info-box-inner content_hover_effect \"><div class=\"info-box-bg-box  \"><div class=\" info-box-content \"><div class=\"service-center\"><div class=\"info-icon-content\"><\/div><a href=\"https:\/\/feherconsulting.com\/services\/#tourism\" ><div class=\"service-title \"> Organizaci\u00f3n de viajes <\/div><\/a><div class=\"service-desc\"> <p>\u2022 Viajes mayores<br \/>\n\u2022 Deportes<br \/>\n\u2022 Eventos corporativos y equipo<br \/>\n\u2022 Turismo cultural<br \/>\n\u2022 Visitas tem\u00e1ticas - Boda<\/p>\n <\/div><div class=\"pt-plus-button-wrapper\"><div class=\"button_parallax\"><div id=\"btn69e7367041ea3\" class=\"ts-button\"><div class=\"pt_plus_button btn69e7367041ea3 button-style-8 \"><div class=\"animted-content-inner\"><a href=\"https:\/\/feherconsulting.com\/services\/#tourism\" class=\"button-link-wrap \" role=\"button\">Leer m\u00e1s<\/a><\/div><\/div><\/div><\/div><\/div><\/div><\/div><div class=\"infobox-overlay-color\"><\/div><\/div><\/div><\/div><\/div>\t\t\t\t<\/div>\n\t\t\t\t<\/div>\n\t\t\t\t\t<\/div>\n\t\t<\/div>\n\t\t\t\t\t<\/div>\n\t\t<\/section>\n\t\t\t\t\t<\/div>\n\t\t<\/div>\n\t\t\t\t\t<\/div>\n\t\t<\/section>\n\t\t\t\t<section class=\"elementor-section elementor-top-section elementor-element elementor-element-65e369ed elementor-section-boxed elementor-section-height-default elementor-section-height-default\" data-id=\"65e369ed\" data-element_type=\"section\">\n\t\t\t\t\t\t<div class=\"elementor-container elementor-column-gap-default\">\n\t\t\t\t\t<div class=\"elementor-column elementor-col-25 elementor-top-column elementor-element elementor-element-b443717\" data-id=\"b443717\" data-element_type=\"column\">\n\t\t\t<div class=\"elementor-widget-wrap\">\n\t\t\t\t\t\t\t<\/div>\n\t\t<\/div>\n\t\t\t\t<div class=\"elementor-column elementor-col-25 elementor-top-column elementor-element elementor-element-7a796f38\" data-id=\"7a796f38\" data-element_type=\"column\">\n\t\t\t<div class=\"elementor-widget-wrap elementor-element-populated\">\n\t\t\t\t\t\t<div class=\"elementor-element elementor-element-480fad69 elementor-widget elementor-widget-heading\" data-id=\"480fad69\" data-element_type=\"widget\" data-widget_type=\"heading.default\">\n\t\t\t\t<div class=\"elementor-widget-container\">\n\t\t\t\t\t<h3 class=\"elementor-heading-title elementor-size-default\">No dude en contactarnos <br> si necesita m\u00e1s informaci\u00f3n<\/h3>\t\t\t\t<\/div>\n\t\t\t\t<\/div>\n\t\t\t\t<div class=\"elementor-element elementor-element-946930e elementor-widget elementor-widget-text-editor\" data-id=\"946930e\" data-element_type=\"widget\" data-widget_type=\"text-editor.default\">\n\t\t\t\t<div class=\"elementor-widget-container\">\n\t\t\t\t\t\t\t\t\t<p>o para ped\u00edr una cita!<\/p>\n\t\t\t\t\t\t\t\t<\/div>\n\t\t\t\t<\/div>\n\t\t\t\t\t<\/div>\n\t\t<\/div>\n\t\t\t\t<div class=\"elementor-column elementor-col-25 elementor-top-column elementor-element elementor-element-30c54315\" data-id=\"30c54315\" data-element_type=\"column\">\n\t\t\t<div class=\"elementor-widget-wrap elementor-element-populated\">\n\t\t\t\t\t\t<div class=\"elementor-element elementor-element-1f0937f9 elementor-align-right elementor-mobile-align-left elementor-widget elementor-widget-button\" data-id=\"1f0937f9\" data-element_type=\"widget\" data-widget_type=\"button.default\">\n\t\t\t\t<div class=\"elementor-widget-container\">\n\t\t\t\t\t\t\t\t\t<div class=\"elementor-button-wrapper\">\n\t\t\t\t\t<a class=\"elementor-button elementor-button-link elementor-size-sm elementor-animation-grow\" href=\"https:\/\/feherconsulting.com\/contacto\/?lang=es\">\n\t\t\t\t\t\t<span class=\"elementor-button-content-wrapper\">\n\t\t\t\t\t\t\t\t\t<span class=\"elementor-button-text\">Cont\u00e1ctanos<\/span>\n\t\t\t\t\t<\/span>\n\t\t\t\t\t<\/a>\n\t\t\t\t<\/div>\n\t\t\t\t\t\t\t\t<\/div>\n\t\t\t\t<\/div>\n\t\t\t\t\t<\/div>\n\t\t<\/div>\n\t\t\t\t<div class=\"elementor-column elementor-col-25 elementor-top-column elementor-element elementor-element-40730c92\" data-id=\"40730c92\" data-element_type=\"column\">\n\t\t\t<div class=\"elementor-widget-wrap\">\n\t\t\t\t\t\t\t<\/div>\n\t\t<\/div>\n\t\t\t\t\t<\/div>\n\t\t<\/section>\n\t\t\t\t<\/div>\n\t\t","protected":false},"excerpt":{"rendered":"<p>\u00a1Bienvenido a White Consulting! Feher Consulting es un grupo internacional altamente especializado en consultor\u00eda y capacitaci\u00f3n, servicios inmobiliarios y turismo receptivo. El objetivo de nuestra empresa es dar vida a los proyectos y planes de vacaciones de nuestros clientes. Nos adaptamos a sus necesidades, brind\u00e1ndole un servicio profesional de la m\u00e1s alta calidad. Para m\u00e1s [&hellip;]<\/p>\n","protected":false},"author":1,"featured_media":0,"parent":0,"menu_order":0,"comment_status":"closed","ping_status":"closed","template":"","meta":{"site-sidebar-layout":"no-sidebar","site-content-layout":"page-builder","ast-site-content-layout":"default","site-content-style":"default","site-sidebar-style":"default","ast-global-header-display":"","ast-banner-title-visibility":"","ast-main-header-display":"","ast-hfb-above-header-display":"","ast-hfb-below-header-display":"","ast-hfb-mobile-header-display":"","site-post-title":"disabled","ast-breadcrumbs-content":"disabled","ast-featured-img":"disabled","footer-sml-layout":"","ast-disable-related-posts":"","theme-transparent-header-meta":"default","adv-header-id-meta":"","stick-header-meta":"","header-above-stick-meta":"","header-main-stick-meta":"","header-below-stick-meta":"","astra-migrate-meta-layouts":"default","ast-page-background-enabled":"default","ast-page-background-meta":{"desktop":{"background-color":"","background-image":"","background-repeat":"repeat","background-position":"center center","background-size":"auto","background-attachment":"scroll","background-type":"","background-media":"","overlay-type":"","overlay-color":"","overlay-opacity":"","overlay-gradient":""},"tablet":{"background-color":"","background-image":"","background-repeat":"repeat","background-position":"center center","background-size":"auto","background-attachment":"scroll","background-type":"","background-media":"","overlay-type":"","overlay-color":"","overlay-opacity":"","overlay-gradient":""},"mobile":{"background-color":"","background-image":"","background-repeat":"repeat","background-position":"center center","background-size":"auto","background-attachment":"scroll","background-type":"","background-media":"","overlay-type":"","overlay-color":"","overlay-opacity":"","overlay-gradient":""}},"ast-content-background-meta":{"desktop":{"background-color":"var(--ast-global-color-5)","background-image":"","background-repeat":"repeat","background-position":"center center","background-size":"auto","background-attachment":"scroll","background-type":"","background-media":"","overlay-type":"","overlay-color":"","overlay-opacity":"","overlay-gradient":""},"tablet":{"background-color":"var(--ast-global-color-5)","background-image":"","background-repeat":"repeat","background-position":"center center","background-size":"auto","background-attachment":"scroll","background-type":"","background-media":"","overlay-type":"","overlay-color":"","overlay-opacity":"","overlay-gradient":""},"mobile":{"background-color":"var(--ast-global-color-5)","background-image":"","background-repeat":"repeat","background-position":"center center","background-size":"auto","background-attachment":"scroll","background-type":"","background-media":"","overlay-type":"","overlay-color":"","overlay-opacity":"","overlay-gradient":""}},"footnotes":""},"yoast_head":"<!-- This site is optimized with the Yoast SEO plugin v23.5 - https:\/\/yoast.com\/wordpress\/plugins\/seo\/ -->\n<title>Inicio - Feh\u00e9r Constulting<\/title>\n<meta name=\"robots\" content=\"index, follow, max-snippet:-1, max-image-preview:large, max-video-preview:-1\" \/>\n<link rel=\"canonical\" href=\"https:\/\/feherconsulting.com\/es\/\" \/>\n<meta property=\"og:locale\" content=\"es_ES\" \/>\n<meta property=\"og:type\" content=\"article\" \/>\n<meta property=\"og:title\" content=\"Inicio - Feh\u00e9r Constulting\" \/>\n<meta property=\"og:description\" content=\"\u00a1Bienvenido a White Consulting! Feher Consulting es un grupo internacional altamente especializado en consultor\u00eda y capacitaci\u00f3n, servicios inmobiliarios y turismo receptivo. El objetivo de nuestra empresa es dar vida a los proyectos y planes de vacaciones de nuestros clientes. Nos adaptamos a sus necesidades, brind\u00e1ndole un servicio profesional de la m\u00e1s alta calidad. Para m\u00e1s [&hellip;]\" \/>\n<meta property=\"og:url\" content=\"https:\/\/feherconsulting.com\/es\/\" \/>\n<meta property=\"og:site_name\" content=\"Feh\u00e9r Constulting\" \/>\n<meta property=\"article:modified_time\" content=\"2020-03-30T01:16:08+00:00\" \/>\n<meta property=\"og:image\" content=\"https:\/\/feherconsulting.com\/wp-content\/uploads\/2020\/02\/Feh\u00e9r-Consulting-vertical-logo.jpg\" \/>\n<meta name=\"twitter:card\" content=\"summary_large_image\" \/>\n<meta name=\"twitter:label1\" content=\"Tiempo de lectura\" \/>\n\t<meta name=\"twitter:data1\" content=\"1 minuto\" \/>\n<script type=\"application\/ld+json\" class=\"yoast-schema-graph\">{\"@context\":\"https:\/\/schema.org\",\"@graph\":[{\"@type\":\"WebPage\",\"@id\":\"https:\/\/feherconsulting.com\/es\/\",\"url\":\"https:\/\/feherconsulting.com\/es\/\",\"name\":\"Inicio - Feh\u00e9r Constulting\",\"isPartOf\":{\"@id\":\"https:\/\/feherconsulting.com\/es\/#website\"},\"datePublished\":\"2020-03-30T00:30:41+00:00\",\"dateModified\":\"2020-03-30T01:16:08+00:00\",\"breadcrumb\":{\"@id\":\"https:\/\/feherconsulting.com\/es\/#breadcrumb\"},\"inLanguage\":\"es\",\"potentialAction\":[{\"@type\":\"ReadAction\",\"target\":[\"https:\/\/feherconsulting.com\/es\/\"]}]},{\"@type\":\"BreadcrumbList\",\"@id\":\"https:\/\/feherconsulting.com\/es\/#breadcrumb\",\"itemListElement\":[{\"@type\":\"ListItem\",\"position\":1,\"name\":\"Home\",\"item\":\"https:\/\/feherconsulting.com\/es\/inicio\/\"},{\"@type\":\"ListItem\",\"position\":2,\"name\":\"Inicio\"}]},{\"@type\":\"WebSite\",\"@id\":\"https:\/\/feherconsulting.com\/es\/#website\",\"url\":\"https:\/\/feherconsulting.com\/es\/\",\"name\":\"Feh\u00e9r Constulting\",\"description\":\"Costa del Sol\",\"publisher\":{\"@id\":\"https:\/\/feherconsulting.com\/es\/#organization\"},\"potentialAction\":[{\"@type\":\"SearchAction\",\"target\":{\"@type\":\"EntryPoint\",\"urlTemplate\":\"https:\/\/feherconsulting.com\/es\/?s={search_term_string}\"},\"query-input\":{\"@type\":\"PropertyValueSpecification\",\"valueRequired\":true,\"valueName\":\"search_term_string\"}}],\"inLanguage\":\"es\"},{\"@type\":\"Organization\",\"@id\":\"https:\/\/feherconsulting.com\/es\/#organization\",\"name\":\"Feher Consulting\",\"url\":\"https:\/\/feherconsulting.com\/es\/\",\"logo\":{\"@type\":\"ImageObject\",\"inLanguage\":\"es\",\"@id\":\"https:\/\/feherconsulting.com\/es\/#\/schema\/logo\/image\/\",\"url\":\"https:\/\/feherconsulting.com\/wp-content\/uploads\/2020\/02\/Feh\u00e9r-Consulting-logo.png\",\"contentUrl\":\"https:\/\/feherconsulting.com\/wp-content\/uploads\/2020\/02\/Feh\u00e9r-Consulting-logo.png\",\"width\":347,\"height\":95,\"caption\":\"Feher Consulting\"},\"image\":{\"@id\":\"https:\/\/feherconsulting.com\/es\/#\/schema\/logo\/image\/\"}}]}<\/script>\n<!-- \/ Yoast SEO plugin. -->","yoast_head_json":{"title":"Inicio - Feh\u00e9r Constulting","robots":{"index":"index","follow":"follow","max-snippet":"max-snippet:-1","max-image-preview":"max-image-preview:large","max-video-preview":"max-video-preview:-1"},"canonical":"https:\/\/feherconsulting.com\/es\/","og_locale":"es_ES","og_type":"article","og_title":"Inicio - Feh\u00e9r Constulting","og_description":"\u00a1Bienvenido a White Consulting! Feher Consulting es un grupo internacional altamente especializado en consultor\u00eda y capacitaci\u00f3n, servicios inmobiliarios y turismo receptivo. El objetivo de nuestra empresa es dar vida a los proyectos y planes de vacaciones de nuestros clientes. Nos adaptamos a sus necesidades, brind\u00e1ndole un servicio profesional de la m\u00e1s alta calidad. Para m\u00e1s [&hellip;]","og_url":"https:\/\/feherconsulting.com\/es\/","og_site_name":"Feh\u00e9r Constulting","article_modified_time":"2020-03-30T01:16:08+00:00","og_image":[{"url":"https:\/\/feherconsulting.com\/wp-content\/uploads\/2020\/02\/Feh\u00e9r-Consulting-vertical-logo.jpg"}],"twitter_card":"summary_large_image","twitter_misc":{"Tiempo de lectura":"1 minuto"},"schema":{"@context":"https:\/\/schema.org","@graph":[{"@type":"WebPage","@id":"https:\/\/feherconsulting.com\/es\/","url":"https:\/\/feherconsulting.com\/es\/","name":"Inicio - Feh\u00e9r Constulting","isPartOf":{"@id":"https:\/\/feherconsulting.com\/es\/#website"},"datePublished":"2020-03-30T00:30:41+00:00","dateModified":"2020-03-30T01:16:08+00:00","breadcrumb":{"@id":"https:\/\/feherconsulting.com\/es\/#breadcrumb"},"inLanguage":"es","potentialAction":[{"@type":"ReadAction","target":["https:\/\/feherconsulting.com\/es\/"]}]},{"@type":"BreadcrumbList","@id":"https:\/\/feherconsulting.com\/es\/#breadcrumb","itemListElement":[{"@type":"ListItem","position":1,"name":"Home","item":"https:\/\/feherconsulting.com\/es\/inicio\/"},{"@type":"ListItem","position":2,"name":"Inicio"}]},{"@type":"WebSite","@id":"https:\/\/feherconsulting.com\/es\/#website","url":"https:\/\/feherconsulting.com\/es\/","name":"Feh\u00e9r Constulting","description":"Costa del Sol","publisher":{"@id":"https:\/\/feherconsulting.com\/es\/#organization"},"potentialAction":[{"@type":"SearchAction","target":{"@type":"EntryPoint","urlTemplate":"https:\/\/feherconsulting.com\/es\/?s={search_term_string}"},"query-input":{"@type":"PropertyValueSpecification","valueRequired":true,"valueName":"search_term_string"}}],"inLanguage":"es"},{"@type":"Organization","@id":"https:\/\/feherconsulting.com\/es\/#organization","name":"Feher Consulting","url":"https:\/\/feherconsulting.com\/es\/","logo":{"@type":"ImageObject","inLanguage":"es","@id":"https:\/\/feherconsulting.com\/es\/#\/schema\/logo\/image\/","url":"https:\/\/feherconsulting.com\/wp-content\/uploads\/2020\/02\/Feh\u00e9r-Consulting-logo.png","contentUrl":"https:\/\/feherconsulting.com\/wp-content\/uploads\/2020\/02\/Feh\u00e9r-Consulting-logo.png","width":347,"height":95,"caption":"Feher Consulting"},"image":{"@id":"https:\/\/feherconsulting.com\/es\/#\/schema\/logo\/image\/"}}]}},"_links":{"self":[{"href":"https:\/\/feherconsulting.com\/es\/wp-json\/wp\/v2\/pages\/235"}],"collection":[{"href":"https:\/\/feherconsulting.com\/es\/wp-json\/wp\/v2\/pages"}],"about":[{"href":"https:\/\/feherconsulting.com\/es\/wp-json\/wp\/v2\/types\/page"}],"author":[{"embeddable":true,"href":"https:\/\/feherconsulting.com\/es\/wp-json\/wp\/v2\/users\/1"}],"replies":[{"embeddable":true,"href":"https:\/\/feherconsulting.com\/es\/wp-json\/wp\/v2\/comments?post=235"}],"version-history":[{"count":4,"href":"https:\/\/feherconsulting.com\/es\/wp-json\/wp\/v2\/pages\/235\/revisions"}],"predecessor-version":[{"id":266,"href":"https:\/\/feherconsulting.com\/es\/wp-json\/wp\/v2\/pages\/235\/revisions\/266"}],"wp:attachment":[{"href":"https:\/\/feherconsulting.com\/es\/wp-json\/wp\/v2\/media?parent=235"}],"curies":[{"name":"wp","href":"https:\/\/api.w.org\/{rel}","templated":true}]}}