{"id":232,"date":"2020-03-30T02:24:21","date_gmt":"2020-03-30T00:24:21","guid":{"rendered":"https:\/\/feherconsulting.com\/quienes-somos\/"},"modified":"2020-03-30T02:52:39","modified_gmt":"2020-03-30T00:52:39","slug":"quienes-somos","status":"publish","type":"page","link":"https:\/\/feherconsulting.com\/es\/quienes-somos\/","title":{"rendered":"Quienes somos"},"content":{"rendered":"\t\t<div data-elementor-type=\"wp-page\" data-elementor-id=\"232\" class=\"elementor elementor-232 elementor-118\">\n\t\t\t\t\t\t<section class=\"elementor-section elementor-top-section elementor-element elementor-element-663c7919 elementor-section-stretched elementor-section-full_width elementor-section-height-default elementor-section-height-default\" data-id=\"663c7919\" data-element_type=\"section\" data-settings=\"{&quot;stretch_section&quot;:&quot;section-stretched&quot;,&quot;background_background&quot;:&quot;classic&quot;}\">\n\t\t\t\t\t\t\t<div class=\"elementor-background-overlay\"><\/div>\n\t\t\t\t\t\t\t<div class=\"elementor-container elementor-column-gap-no\">\n\t\t\t\t\t<div class=\"elementor-column elementor-col-100 elementor-top-column elementor-element elementor-element-67029130\" data-id=\"67029130\" data-element_type=\"column\">\n\t\t\t<div class=\"elementor-widget-wrap elementor-element-populated\">\n\t\t\t\t\t\t<div class=\"elementor-element elementor-element-16e63e8b elementor-widget elementor-widget-heading\" data-id=\"16e63e8b\" data-element_type=\"widget\" data-widget_type=\"heading.default\">\n\t\t\t\t<div class=\"elementor-widget-container\">\n\t\t\t\t\t<h1 class=\"elementor-heading-title elementor-size-default\">Quienes somos<\/h1>\t\t\t\t<\/div>\n\t\t\t\t<\/div>\n\t\t\t\t\t<\/div>\n\t\t<\/div>\n\t\t\t\t\t<\/div>\n\t\t<\/section>\n\t\t\t\t<section class=\"elementor-section elementor-top-section elementor-element elementor-element-29e0ce3 elementor-section-full_width elementor-section-content-top elementor-section-height-default elementor-section-height-default\" data-id=\"29e0ce3\" data-element_type=\"section\">\n\t\t\t\t\t\t<div class=\"elementor-container elementor-column-gap-no\">\n\t\t\t\t\t<div class=\"elementor-column elementor-col-33 elementor-top-column elementor-element elementor-element-75db46e6\" data-id=\"75db46e6\" data-element_type=\"column\">\n\t\t\t<div class=\"elementor-widget-wrap elementor-element-populated\">\n\t\t\t\t\t\t<div class=\"elementor-element elementor-element-2401b3f elementor-widget elementor-widget-heading\" data-id=\"2401b3f\" data-element_type=\"widget\" data-widget_type=\"heading.default\">\n\t\t\t\t<div class=\"elementor-widget-container\">\n\t\t\t\t\t<h3 class=\"elementor-heading-title elementor-size-default\">Feher Consulting es un grupo internacional altamente especializado en Turismo Receptivo,  Consultor\u00eda \u2013 Formaci\u00f3n y Servicios Inmobiliarios.<\/h3>\t\t\t\t<\/div>\n\t\t\t\t<\/div>\n\t\t\t\t<div class=\"elementor-element elementor-element-7358bf56 elementor-widget-divider--view-line elementor-widget elementor-widget-divider\" data-id=\"7358bf56\" data-element_type=\"widget\" data-widget_type=\"divider.default\">\n\t\t\t\t<div class=\"elementor-widget-container\">\n\t\t\t\t\t\t\t<div class=\"elementor-divider\">\n\t\t\t<span class=\"elementor-divider-separator\">\n\t\t\t\t\t\t<\/span>\n\t\t<\/div>\n\t\t\t\t\t\t<\/div>\n\t\t\t\t<\/div>\n\t\t\t\t\t<\/div>\n\t\t<\/div>\n\t\t\t\t<div class=\"elementor-column elementor-col-33 elementor-top-column elementor-element elementor-element-3d0997\" data-id=\"3d0997\" data-element_type=\"column\">\n\t\t\t<div class=\"elementor-widget-wrap elementor-element-populated\">\n\t\t\t\t\t\t<div class=\"elementor-element elementor-element-2f7b7e8f elementor-widget elementor-widget-text-editor\" data-id=\"2f7b7e8f\" data-element_type=\"widget\" data-widget_type=\"text-editor.default\">\n\t\t\t\t<div class=\"elementor-widget-container\">\n\t\t\t\t\t\t\t\t\t<p>Dentro de nuestras actividades tiene especial importancia la de desarrollo tur\u00edstico para la cual hemos creado la agencia de viajes Feher Excellent Travel que ofrece sus servicios de organizar viajes dentro y fuera de Espa\u00f1a, siempre buscando la m\u00e1xima satisfacci\u00f3n de nuestros clientes en el marco de una relaci\u00f3n calidad-precio excelente.<\/p>\n<p>Nuestra empresa tiene como objetivo convertir en realidad los proyectos de nuestros clientes adapt\u00e1ndonos a sus necesidades, siempre ofreciendo la m\u00e1xima profesionalidad y la mejor calidad en el servicio.<\/p>\n<p>El concepto globalizado e internacional de Feher Consulting hace de nuestros servicios oportunidades personalizadas en un entorno complejo y din\u00e1mico. Para ello, contamos con colaboradores altamente cualificados capaces de dar soluciones profesionales y eficaces a sus necesidades a trav\u00e9s de nuestros servicios tur\u00edsticos, inmobiliarios y de consultor\u00eda- formaci\u00f3n.<\/p>\n\t\t\t\t\t\t\t\t<\/div>\n\t\t\t\t<\/div>\n\t\t\t\t\t<\/div>\n\t\t<\/div>\n\t\t\t\t<div class=\"elementor-column elementor-col-33 elementor-top-column elementor-element elementor-element-305debfe\" data-id=\"305debfe\" data-element_type=\"column\">\n\t\t\t<div class=\"elementor-widget-wrap elementor-element-populated\">\n\t\t\t\t\t\t<div class=\"elementor-element elementor-element-5da88d03 elementor-widget elementor-widget-image\" data-id=\"5da88d03\" data-element_type=\"widget\" data-widget_type=\"image.default\">\n\t\t\t\t<div class=\"elementor-widget-container\">\n\t\t\t\t\t\t\t\t\t\t\t\t\t\t\t<img decoding=\"async\" width=\"64\" height=\"96\" src=\"https:\/\/feherconsulting.com\/wp-content\/uploads\/2020\/02\/Gabriela.jpg\" class=\"attachment-full size-full wp-image-191\" alt=\"\" \/>\t\t\t\t\t\t\t\t\t\t\t\t\t\t\t<\/div>\n\t\t\t\t<\/div>\n\t\t\t\t\t<\/div>\n\t\t<\/div>\n\t\t\t\t\t<\/div>\n\t\t<\/section>\n\t\t\t\t<section class=\"elementor-section elementor-top-section elementor-element elementor-element-8aa87fb elementor-section-boxed elementor-section-height-default elementor-section-height-default\" data-id=\"8aa87fb\" data-element_type=\"section\">\n\t\t\t\t\t\t<div class=\"elementor-container elementor-column-gap-default\">\n\t\t\t\t\t<div class=\"elementor-column elementor-col-25 elementor-top-column elementor-element elementor-element-029a730\" data-id=\"029a730\" data-element_type=\"column\">\n\t\t\t<div class=\"elementor-widget-wrap\">\n\t\t\t\t\t\t\t<\/div>\n\t\t<\/div>\n\t\t\t\t<div class=\"elementor-column elementor-col-25 elementor-top-column elementor-element elementor-element-ca8bc08\" data-id=\"ca8bc08\" data-element_type=\"column\">\n\t\t\t<div class=\"elementor-widget-wrap elementor-element-populated\">\n\t\t\t\t\t\t<div class=\"elementor-element elementor-element-51c42818 elementor-widget elementor-widget-heading\" data-id=\"51c42818\" data-element_type=\"widget\" data-widget_type=\"heading.default\">\n\t\t\t\t<div class=\"elementor-widget-container\">\n\t\t\t\t\t<h3 class=\"elementor-heading-title elementor-size-default\">No dude en contactarnos <br> si necesita m\u00e1s informaci\u00f3n<\/h3>\t\t\t\t<\/div>\n\t\t\t\t<\/div>\n\t\t\t\t<div class=\"elementor-element elementor-element-23da16a5 elementor-widget elementor-widget-text-editor\" data-id=\"23da16a5\" data-element_type=\"widget\" data-widget_type=\"text-editor.default\">\n\t\t\t\t<div class=\"elementor-widget-container\">\n\t\t\t\t\t\t\t\t\t<p>o para ped\u00edr una cita!<\/p>\n\t\t\t\t\t\t\t\t<\/div>\n\t\t\t\t<\/div>\n\t\t\t\t\t<\/div>\n\t\t<\/div>\n\t\t\t\t<div class=\"elementor-column elementor-col-25 elementor-top-column elementor-element elementor-element-c48d6c1\" data-id=\"c48d6c1\" data-element_type=\"column\">\n\t\t\t<div class=\"elementor-widget-wrap elementor-element-populated\">\n\t\t\t\t\t\t<div class=\"elementor-element elementor-element-21ad7292 elementor-align-right elementor-mobile-align-left elementor-widget elementor-widget-button\" data-id=\"21ad7292\" data-element_type=\"widget\" data-widget_type=\"button.default\">\n\t\t\t\t<div class=\"elementor-widget-container\">\n\t\t\t\t\t\t\t\t\t<div class=\"elementor-button-wrapper\">\n\t\t\t\t\t<a class=\"elementor-button elementor-button-link elementor-size-sm elementor-animation-grow\" href=\"https:\/\/feherconsulting.com\/contacto\/?lang=es\">\n\t\t\t\t\t\t<span class=\"elementor-button-content-wrapper\">\n\t\t\t\t\t\t\t\t\t<span class=\"elementor-button-text\">Cont\u00e1ctanos<\/span>\n\t\t\t\t\t<\/span>\n\t\t\t\t\t<\/a>\n\t\t\t\t<\/div>\n\t\t\t\t\t\t\t\t<\/div>\n\t\t\t\t<\/div>\n\t\t\t\t\t<\/div>\n\t\t<\/div>\n\t\t\t\t<div class=\"elementor-column elementor-col-25 elementor-top-column elementor-element elementor-element-1c4b1e2\" data-id=\"1c4b1e2\" data-element_type=\"column\">\n\t\t\t<div class=\"elementor-widget-wrap\">\n\t\t\t\t\t\t\t<\/div>\n\t\t<\/div>\n\t\t\t\t\t<\/div>\n\t\t<\/section>\n\t\t\t\t<\/div>\n\t\t","protected":false},"excerpt":{"rendered":"<p>Quienes somos Feher Consulting es un grupo internacional altamente especializado en Turismo Receptivo, Consultor\u00eda \u2013 Formaci\u00f3n y Servicios Inmobiliarios. Dentro de nuestras actividades tiene especial importancia la de desarrollo tur\u00edstico para la cual hemos creado la agencia de viajes Feher Excellent Travel que ofrece sus servicios de organizar viajes dentro y fuera de Espa\u00f1a, siempre [&hellip;]<\/p>\n","protected":false},"author":1,"featured_media":0,"parent":0,"menu_order":0,"comment_status":"closed","ping_status":"closed","template":"","meta":{"site-sidebar-layout":"default","site-content-layout":"default","ast-site-content-layout":"default","site-content-style":"default","site-sidebar-style":"default","ast-global-header-display":"","ast-banner-title-visibility":"","ast-main-header-display":"","ast-hfb-above-header-display":"","ast-hfb-below-header-display":"","ast-hfb-mobile-header-display":"","site-post-title":"disabled","ast-breadcrumbs-content":"disabled","ast-featured-img":"disabled","footer-sml-layout":"","ast-disable-related-posts":"","theme-transparent-header-meta":"default","adv-header-id-meta":"","stick-header-meta":"","header-above-stick-meta":"","header-main-stick-meta":"","header-below-stick-meta":"","astra-migrate-meta-layouts":"default","ast-page-background-enabled":"default","ast-page-background-meta":{"desktop":{"background-color":"","background-image":"","background-repeat":"repeat","background-position":"center center","background-size":"auto","background-attachment":"scroll","background-type":"","background-media":"","overlay-type":"","overlay-color":"","overlay-opacity":"","overlay-gradient":""},"tablet":{"background-color":"","background-image":"","background-repeat":"repeat","background-position":"center center","background-size":"auto","background-attachment":"scroll","background-type":"","background-media":"","overlay-type":"","overlay-color":"","overlay-opacity":"","overlay-gradient":""},"mobile":{"background-color":"","background-image":"","background-repeat":"repeat","background-position":"center center","background-size":"auto","background-attachment":"scroll","background-type":"","background-media":"","overlay-type":"","overlay-color":"","overlay-opacity":"","overlay-gradient":""}},"ast-content-background-meta":{"desktop":{"background-color":"var(--ast-global-color-5)","background-image":"","background-repeat":"repeat","background-position":"center center","background-size":"auto","background-attachment":"scroll","background-type":"","background-media":"","overlay-type":"","overlay-color":"","overlay-opacity":"","overlay-gradient":""},"tablet":{"background-color":"var(--ast-global-color-5)","background-image":"","background-repeat":"repeat","background-position":"center center","background-size":"auto","background-attachment":"scroll","background-type":"","background-media":"","overlay-type":"","overlay-color":"","overlay-opacity":"","overlay-gradient":""},"mobile":{"background-color":"var(--ast-global-color-5)","background-image":"","background-repeat":"repeat","background-position":"center center","background-size":"auto","background-attachment":"scroll","background-type":"","background-media":"","overlay-type":"","overlay-color":"","overlay-opacity":"","overlay-gradient":""}},"footnotes":""},"yoast_head":"<!-- This site is optimized with the Yoast SEO plugin v23.5 - https:\/\/yoast.com\/wordpress\/plugins\/seo\/ -->\n<title>Quienes somos - Feh\u00e9r Constulting<\/title>\n<meta name=\"robots\" content=\"index, follow, max-snippet:-1, max-image-preview:large, max-video-preview:-1\" \/>\n<link rel=\"canonical\" href=\"https:\/\/feherconsulting.com\/es\/quienes-somos\/\" \/>\n<meta property=\"og:locale\" content=\"es_ES\" \/>\n<meta property=\"og:type\" content=\"article\" \/>\n<meta property=\"og:title\" content=\"Quienes somos - Feh\u00e9r Constulting\" \/>\n<meta property=\"og:description\" content=\"Quienes somos Feher Consulting es un grupo internacional altamente especializado en Turismo Receptivo, Consultor\u00eda \u2013 Formaci\u00f3n y Servicios Inmobiliarios. Dentro de nuestras actividades tiene especial importancia la de desarrollo tur\u00edstico para la cual hemos creado la agencia de viajes Feher Excellent Travel que ofrece sus servicios de organizar viajes dentro y fuera de Espa\u00f1a, siempre [&hellip;]\" \/>\n<meta property=\"og:url\" content=\"https:\/\/feherconsulting.com\/es\/quienes-somos\/\" \/>\n<meta property=\"og:site_name\" content=\"Feh\u00e9r Constulting\" \/>\n<meta property=\"article:modified_time\" content=\"2020-03-30T00:52:39+00:00\" \/>\n<meta property=\"og:image\" content=\"https:\/\/feherconsulting.com\/wp-content\/uploads\/2020\/02\/Gabriela.jpg\" \/>\n<meta name=\"twitter:card\" content=\"summary_large_image\" \/>\n<meta name=\"twitter:label1\" content=\"Tiempo de lectura\" \/>\n\t<meta name=\"twitter:data1\" content=\"1 minuto\" \/>\n<script type=\"application\/ld+json\" class=\"yoast-schema-graph\">{\"@context\":\"https:\/\/schema.org\",\"@graph\":[{\"@type\":\"WebPage\",\"@id\":\"https:\/\/feherconsulting.com\/es\/quienes-somos\/\",\"url\":\"https:\/\/feherconsulting.com\/es\/quienes-somos\/\",\"name\":\"Quienes somos - Feh\u00e9r Constulting\",\"isPartOf\":{\"@id\":\"https:\/\/feherconsulting.com\/es\/#website\"},\"primaryImageOfPage\":{\"@id\":\"https:\/\/feherconsulting.com\/es\/quienes-somos\/#primaryimage\"},\"image\":{\"@id\":\"https:\/\/feherconsulting.com\/es\/quienes-somos\/#primaryimage\"},\"thumbnailUrl\":\"https:\/\/feherconsulting.com\/wp-content\/uploads\/2020\/02\/Gabriela.jpg\",\"datePublished\":\"2020-03-30T00:24:21+00:00\",\"dateModified\":\"2020-03-30T00:52:39+00:00\",\"breadcrumb\":{\"@id\":\"https:\/\/feherconsulting.com\/es\/quienes-somos\/#breadcrumb\"},\"inLanguage\":\"es\",\"potentialAction\":[{\"@type\":\"ReadAction\",\"target\":[\"https:\/\/feherconsulting.com\/es\/quienes-somos\/\"]}]},{\"@type\":\"ImageObject\",\"inLanguage\":\"es\",\"@id\":\"https:\/\/feherconsulting.com\/es\/quienes-somos\/#primaryimage\",\"url\":\"https:\/\/feherconsulting.com\/wp-content\/uploads\/2020\/02\/Gabriela.jpg\",\"contentUrl\":\"https:\/\/feherconsulting.com\/wp-content\/uploads\/2020\/02\/Gabriela.jpg\"},{\"@type\":\"BreadcrumbList\",\"@id\":\"https:\/\/feherconsulting.com\/es\/quienes-somos\/#breadcrumb\",\"itemListElement\":[{\"@type\":\"ListItem\",\"position\":1,\"name\":\"Home\",\"item\":\"https:\/\/feherconsulting.com\/es\/inicio\/\"},{\"@type\":\"ListItem\",\"position\":2,\"name\":\"Quienes somos\"}]},{\"@type\":\"WebSite\",\"@id\":\"https:\/\/feherconsulting.com\/es\/#website\",\"url\":\"https:\/\/feherconsulting.com\/es\/\",\"name\":\"Feh\u00e9r Constulting\",\"description\":\"Costa del Sol\",\"publisher\":{\"@id\":\"https:\/\/feherconsulting.com\/es\/#organization\"},\"potentialAction\":[{\"@type\":\"SearchAction\",\"target\":{\"@type\":\"EntryPoint\",\"urlTemplate\":\"https:\/\/feherconsulting.com\/es\/?s={search_term_string}\"},\"query-input\":{\"@type\":\"PropertyValueSpecification\",\"valueRequired\":true,\"valueName\":\"search_term_string\"}}],\"inLanguage\":\"es\"},{\"@type\":\"Organization\",\"@id\":\"https:\/\/feherconsulting.com\/es\/#organization\",\"name\":\"Feher Consulting\",\"url\":\"https:\/\/feherconsulting.com\/es\/\",\"logo\":{\"@type\":\"ImageObject\",\"inLanguage\":\"es\",\"@id\":\"https:\/\/feherconsulting.com\/es\/#\/schema\/logo\/image\/\",\"url\":\"https:\/\/feherconsulting.com\/wp-content\/uploads\/2020\/02\/Feh\u00e9r-Consulting-logo.png\",\"contentUrl\":\"https:\/\/feherconsulting.com\/wp-content\/uploads\/2020\/02\/Feh\u00e9r-Consulting-logo.png\",\"width\":347,\"height\":95,\"caption\":\"Feher Consulting\"},\"image\":{\"@id\":\"https:\/\/feherconsulting.com\/es\/#\/schema\/logo\/image\/\"}}]}<\/script>\n<!-- \/ Yoast SEO plugin. -->","yoast_head_json":{"title":"Quienes somos - Feh\u00e9r Constulting","robots":{"index":"index","follow":"follow","max-snippet":"max-snippet:-1","max-image-preview":"max-image-preview:large","max-video-preview":"max-video-preview:-1"},"canonical":"https:\/\/feherconsulting.com\/es\/quienes-somos\/","og_locale":"es_ES","og_type":"article","og_title":"Quienes somos - Feh\u00e9r Constulting","og_description":"Quienes somos Feher Consulting es un grupo internacional altamente especializado en Turismo Receptivo, Consultor\u00eda \u2013 Formaci\u00f3n y Servicios Inmobiliarios. Dentro de nuestras actividades tiene especial importancia la de desarrollo tur\u00edstico para la cual hemos creado la agencia de viajes Feher Excellent Travel que ofrece sus servicios de organizar viajes dentro y fuera de Espa\u00f1a, siempre [&hellip;]","og_url":"https:\/\/feherconsulting.com\/es\/quienes-somos\/","og_site_name":"Feh\u00e9r Constulting","article_modified_time":"2020-03-30T00:52:39+00:00","og_image":[{"url":"https:\/\/feherconsulting.com\/wp-content\/uploads\/2020\/02\/Gabriela.jpg"}],"twitter_card":"summary_large_image","twitter_misc":{"Tiempo de lectura":"1 minuto"},"schema":{"@context":"https:\/\/schema.org","@graph":[{"@type":"WebPage","@id":"https:\/\/feherconsulting.com\/es\/quienes-somos\/","url":"https:\/\/feherconsulting.com\/es\/quienes-somos\/","name":"Quienes somos - Feh\u00e9r Constulting","isPartOf":{"@id":"https:\/\/feherconsulting.com\/es\/#website"},"primaryImageOfPage":{"@id":"https:\/\/feherconsulting.com\/es\/quienes-somos\/#primaryimage"},"image":{"@id":"https:\/\/feherconsulting.com\/es\/quienes-somos\/#primaryimage"},"thumbnailUrl":"https:\/\/feherconsulting.com\/wp-content\/uploads\/2020\/02\/Gabriela.jpg","datePublished":"2020-03-30T00:24:21+00:00","dateModified":"2020-03-30T00:52:39+00:00","breadcrumb":{"@id":"https:\/\/feherconsulting.com\/es\/quienes-somos\/#breadcrumb"},"inLanguage":"es","potentialAction":[{"@type":"ReadAction","target":["https:\/\/feherconsulting.com\/es\/quienes-somos\/"]}]},{"@type":"ImageObject","inLanguage":"es","@id":"https:\/\/feherconsulting.com\/es\/quienes-somos\/#primaryimage","url":"https:\/\/feherconsulting.com\/wp-content\/uploads\/2020\/02\/Gabriela.jpg","contentUrl":"https:\/\/feherconsulting.com\/wp-content\/uploads\/2020\/02\/Gabriela.jpg"},{"@type":"BreadcrumbList","@id":"https:\/\/feherconsulting.com\/es\/quienes-somos\/#breadcrumb","itemListElement":[{"@type":"ListItem","position":1,"name":"Home","item":"https:\/\/feherconsulting.com\/es\/inicio\/"},{"@type":"ListItem","position":2,"name":"Quienes somos"}]},{"@type":"WebSite","@id":"https:\/\/feherconsulting.com\/es\/#website","url":"https:\/\/feherconsulting.com\/es\/","name":"Feh\u00e9r Constulting","description":"Costa del Sol","publisher":{"@id":"https:\/\/feherconsulting.com\/es\/#organization"},"potentialAction":[{"@type":"SearchAction","target":{"@type":"EntryPoint","urlTemplate":"https:\/\/feherconsulting.com\/es\/?s={search_term_string}"},"query-input":{"@type":"PropertyValueSpecification","valueRequired":true,"valueName":"search_term_string"}}],"inLanguage":"es"},{"@type":"Organization","@id":"https:\/\/feherconsulting.com\/es\/#organization","name":"Feher Consulting","url":"https:\/\/feherconsulting.com\/es\/","logo":{"@type":"ImageObject","inLanguage":"es","@id":"https:\/\/feherconsulting.com\/es\/#\/schema\/logo\/image\/","url":"https:\/\/feherconsulting.com\/wp-content\/uploads\/2020\/02\/Feh\u00e9r-Consulting-logo.png","contentUrl":"https:\/\/feherconsulting.com\/wp-content\/uploads\/2020\/02\/Feh\u00e9r-Consulting-logo.png","width":347,"height":95,"caption":"Feher Consulting"},"image":{"@id":"https:\/\/feherconsulting.com\/es\/#\/schema\/logo\/image\/"}}]}},"_links":{"self":[{"href":"https:\/\/feherconsulting.com\/es\/wp-json\/wp\/v2\/pages\/232"}],"collection":[{"href":"https:\/\/feherconsulting.com\/es\/wp-json\/wp\/v2\/pages"}],"about":[{"href":"https:\/\/feherconsulting.com\/es\/wp-json\/wp\/v2\/types\/page"}],"author":[{"embeddable":true,"href":"https:\/\/feherconsulting.com\/es\/wp-json\/wp\/v2\/users\/1"}],"replies":[{"embeddable":true,"href":"https:\/\/feherconsulting.com\/es\/wp-json\/wp\/v2\/comments?post=232"}],"version-history":[{"count":3,"href":"https:\/\/feherconsulting.com\/es\/wp-json\/wp\/v2\/pages\/232\/revisions"}],"predecessor-version":[{"id":245,"href":"https:\/\/feherconsulting.com\/es\/wp-json\/wp\/v2\/pages\/232\/revisions\/245"}],"wp:attachment":[{"href":"https:\/\/feherconsulting.com\/es\/wp-json\/wp\/v2\/media?parent=232"}],"curies":[{"name":"wp","href":"https:\/\/api.w.org\/{rel}","templated":true}]}}